{"id":106,"date":"2023-12-19T12:38:18","date_gmt":"2023-12-19T11:38:18","guid":{"rendered":"https:\/\/xn--bllerregiment-imb.de\/live\/?page_id=106"},"modified":"2024-03-10T00:03:18","modified_gmt":"2024-03-09T23:03:18","slug":"links-und-externe-infos","status":"publish","type":"page","link":"https:\/\/xn--bllerregiment-imb.de\/live\/links-und-externe-infos\/","title":{"rendered":"Links und externe Infos"},"content":{"rendered":"<p><img loading=\"lazy\" decoding=\"async\" class=\"alignnone size-full wp-image-476\" src=\"https:\/\/xn--bllerregiment-imb.de\/live\/wp-content\/uploads\/2024\/01\/titelneu6.jpg\" alt=\"\" width=\"1920\" height=\"128\" srcset=\"https:\/\/xn--bllerregiment-imb.de\/live\/wp-content\/uploads\/2024\/01\/titelneu6.jpg 1920w, https:\/\/xn--bllerregiment-imb.de\/live\/wp-content\/uploads\/2024\/01\/titelneu6-300x20.jpg 300w, https:\/\/xn--bllerregiment-imb.de\/live\/wp-content\/uploads\/2024\/01\/titelneu6-1024x68.jpg 1024w, https:\/\/xn--bllerregiment-imb.de\/live\/wp-content\/uploads\/2024\/01\/titelneu6-768x51.jpg 768w, https:\/\/xn--bllerregiment-imb.de\/live\/wp-content\/uploads\/2024\/01\/titelneu6-1536x102.jpg 1536w\" sizes=\"auto, (max-width: 1920px) 100vw, 1920px\" \/><\/p>\n<p style=\"text-align: center;\"><span style=\"font-family: verdana, geneva; font-size: 16px;\"><strong><span style=\"font-family: arial, helvetica, sans-serif;\"><a href=\"https:\/\/b\u00f6llerregiment.de\/live\/ueber-uns\/boellerregiment-hamburg\/\">HOME<\/a>\u00a0 \u00a0 \u00a0<a href=\"https:\/\/b\u00f6llerregiment.de\/live\/ueber-uns\/\">\u00dcBER UNS<\/a>\u00a0 \u00a0<a href=\"https:\/\/b\u00f6llerregiment.de\/live\/tradition-des-boellerns\/\">TRADITION<\/a>\u00a0 \u00a0 \u00a0<a href=\"https:\/\/b\u00f6llerregiment.de\/live\/ueber-uns\/boeller\/\">B\u00d6LLER<\/a> \u00a0 \u00a0<a href=\"https:\/\/b\u00f6llerregiment.de\/live\/veranstaltungen\/\">VERANSTALTUNGEN<\/a>\u00a0 \u00a0 <a href=\"https:\/\/b\u00f6llerregiment.de\/live\/kontakt\/\">KONTAKT<\/a> \u00a0 <a href=\"https:\/\/b\u00f6llerregiment.de\/live\/ueber-uns\/formulare-antraege\/\">FORMULARE\/ANTR\u00c4GE<\/a>\u00a0 \u00a0<a href=\"https:\/\/b\u00f6llerregiment.de\/live\/medien-und-mitschnitte\/\">MEDIEN<\/a>\u00a0 \u00a0<\/span><\/strong><\/span><span style=\"font-family: arial, helvetica, sans-serif;\"><strong><a href=\"https:\/\/b\u00f6llerregiment.de\/live\/links-und-externe-infos\/\"><span style=\"font-size: 14px;\"><span style=\"font-size: 16px;\">LINKS<\/span><\/span><\/a><\/strong><\/span><\/p>\n<p style=\"text-align: left;\"><span style=\"font-size: 22px; font-family: tahoma, arial, helvetica, sans-serif;\"><span style=\"font-size: 17px;\"><span style=\"font-size: 13px;\"><span style=\"font-size: 14px;\">\u00a0<\/span><\/span><\/span><\/span><span style=\"font-family: helvetica;\"><span style=\"font-size: 17px;\"><strong>Links und externe Infos<\/strong><\/span><span style=\"font-size: 20px; color: #339966;\"><span style=\"color: #000000; font-size: 16px;\"><br \/>\n<\/span><span style=\"color: #000000;\"><span style=\"font-size: 20px;\"><span style=\"font-size: 16px;\"><img loading=\"lazy\" decoding=\"async\" class=\"alignnone wp-image-502\" src=\"https:\/\/xn--bllerregiment-imb.de\/live\/wp-content\/uploads\/2024\/01\/logo-300px.png\" alt=\"\" width=\"76\" height=\"76\" srcset=\"https:\/\/xn--bllerregiment-imb.de\/live\/wp-content\/uploads\/2024\/01\/logo-300px.png 300w, https:\/\/xn--bllerregiment-imb.de\/live\/wp-content\/uploads\/2024\/01\/logo-300px-150x150.png 150w\" sizes=\"auto, (max-width: 76px) 100vw, 76px\" \/><a href=\"https:\/\/www.ballistik-nord.de\" target=\"_blank\" rel=\"noopener\">Ballistik Nord e.V.\u00a0sportliches Schie\u00dfen<\/a><br \/>\n<span style=\"font-size: 15px;\">\u00a0 \u00a0 \u00a0 \u00a0 \u00a0 \u00a0 \u00a0 \u00a0 \u00a0 Bietet regelm\u00e4\u00dfige staatlich anerkannte Lehrg\u00e4nge zur Erlangung der Sachkunde nach <span style=\"font-family: helvetica;\"> \u00a7 27 SprengG an<\/span><\/span><\/span><\/span><\/span><\/span><\/span><\/p>\n<p><span style=\"font-family: helvetica;\"><span style=\"font-size: 20px; color: #339966;\"><span style=\"color: #000000;\"><span style=\"font-size: 20px;\"><a href=\"https:\/\/vdsk.eu\/Startseite\/\" target=\"_blank\" rel=\"noopener\"><span style=\"font-size: 16px;\"><img loading=\"lazy\" decoding=\"async\" class=\"alignnone wp-image-503\" src=\"https:\/\/xn--bllerregiment-imb.de\/live\/wp-content\/uploads\/2024\/01\/scale-2686377679-150x150.png\" alt=\"\" width=\"75\" height=\"75\" srcset=\"https:\/\/xn--bllerregiment-imb.de\/live\/wp-content\/uploads\/2024\/01\/scale-2686377679-150x150.png 150w, https:\/\/xn--bllerregiment-imb.de\/live\/wp-content\/uploads\/2024\/01\/scale-2686377679-300x300.png 300w, https:\/\/xn--bllerregiment-imb.de\/live\/wp-content\/uploads\/2024\/01\/scale-2686377679-768x768.png 768w, https:\/\/xn--bllerregiment-imb.de\/live\/wp-content\/uploads\/2024\/01\/scale-2686377679.png 1025w\" sizes=\"auto, (max-width: 75px) 100vw, 75px\" \/>Verband Deutscher Schwarzpulver Kanoniere e.V.<\/span><\/a><br \/>\n<\/span><\/span><\/span><\/span><span style=\"font-family: helvetica; font-size: 15px;\">\u00a0 \u00a0 \u00a0 \u00a0 \u00a0 \u00a0 \u00a0 \u00a0 \u00a0 Verband zur Pflege des Brauchtums der alten B\u00fcchsenmeister und dem sportlichen Wettkampf<br \/>\n<\/span><span style=\"font-family: helvetica; font-size: 15px;\">\u00a0 \u00a0 \u00a0 \u00a0 \u00a0 \u00a0 \u00a0 \u00a0 \u00a0 \u00a0beim Schie\u00dfen mit Vorderladerkanonen \/ Vorderladerschie\u00dfen via DSB<\/span><\/p>\n<p style=\"text-align: justify;\"><span style=\"font-family: helvetica; font-size: 15px;\"><em><span style=\"font-family: helvetica; font-size: 17px;\"><strong><br \/>\nWie komme ich zu einem &#8222;Pulverschein&#8220;?<\/strong><\/span><\/em><br \/>\n<span style=\"font-size: 16px;\">Der erste Schritt zum sogenannten &#8222;Pulverschein&#8220; ist die Beantragung einer Unbedenklichkeitsbescheinigung beim zust\u00e4ndigen Amt. Nach der Erteilung letzterer muss ein staatlich anerkannter Kurs zur Erlangung der Sachkunde im Umgang mit Sprengstoff erfolgreich abgeschlossen werden. Erst dann ist eine Beantragung des Pulverscheins unter Angabe eines Bed\u00fcrfnisses sowie der ben\u00f6tigten Pulvermengen und Aufbewahrungsgegebenheiten m\u00f6glich. F\u00fcr<\/span><\/span><span style=\"font-family: helvetica; font-size: 16px;\"> alle Fragen zum SprengG steht euch die zust\u00e4ndige Beh\u00f6rde eures Wohnortes bzw. Landkreises gerne zur Verf\u00fcgung. Keines der Mitglieder des B\u00f6llerregiment Hamburg kann und darf euch rechtsverbindliche Angaben zu Belangen des <strong>\u00a7 27 SprengG\u00a0<\/strong>machen. Dies ist allein Sache der zust\u00e4ndigen Beh\u00f6rden, bei denen eure Antr\u00e4ge bearbeitet werden.<\/span><\/p>\n<p style=\"font-weight: 400;\"><span style=\"font-family: helvetica; font-size: 17px;\"><strong>*Infos zum Thema <span style=\"font-family: helvetica;\"> \u00a7 27 SprengG<\/span><span style=\"font-family: helvetica;\">\u00a0bzw.<\/span> &#8222;Pulverschein&#8220;<\/strong><\/span><\/p>\n<p>&nbsp;<\/p>\n<p><span style=\"font-family: helvetica; font-size: 17px;\"><strong><em>Zust\u00e4ndig f\u00fcr Hamburg: Amt f\u00fcr Arbeitsschutz<\/em><\/strong><\/span><\/p>\n<p style=\"font-weight: 400;\"><span style=\"font-size: 16px;\"><a href=\"https:\/\/www.hamburg.de\/contentblob\/121286\/017ff90cc2d742edfcacc69b0e7ae307\/data\/sprengg-erteilung-p27.pdf\" target=\"_blank\" rel=\"noopener\"><span style=\"font-family: helvetica;\">Antrag auf Erteilung einer Erlaubnis nach \u00a7 27 SprengG (PDF)<\/span><\/a><\/span><br \/>\n<span style=\"font-size: 16px;\"><a href=\"https:\/\/www.hamburg.de\/contentblob\/10518354\/e23c5692a73c1adee08d5db290b3e08d\/data\/sprengg-verlaengerung-p20-p27.pdf\" target=\"_blank\" rel=\"noopener\"><span style=\"font-family: helvetica;\">Antrag auf Verl\u00e4ngerung einer Erlaubnis nach \u00a7 27 SprengG (PDF)<\/span><\/a><\/span><\/p>\n<p>&nbsp;<\/p>\n<p style=\"font-weight: 400;\"><em><span style=\"font-family: helvetica; font-size: 17px;\"><strong>Zust\u00e4ndig f\u00fcr Winsen Luhe und Landkreis Harburg \u00a727 Antrag<br \/>\n<\/strong><\/span><\/em><span style=\"font-family: helvetica; font-size: 12px;\">Seit Januar 2024 ist der Landkreis Harburg auch f\u00fcr Winsen (Luhe) f\u00fcr alle Waffen- und Sprengstoffangelegenheiten zust\u00e4ndig:<br \/>\n<\/span><\/p>\n<p><a href=\"https:\/\/www.landkreis-harburg.de\/buergerservice\/dienstleistungen\/sprengstofferlaubnis-901001101-0.html?myMedium=1\" target=\"_blank\" rel=\"noopener\"><span style=\"font-family: helvetica;\">K<span style=\"font-size: 16px;\">ontaktaufnahme \/ Terminabsprache beim Landkreis Harburg<\/span><\/span><\/a><br \/>\n<span style=\"font-size: 16px;\"><a href=\"https:\/\/www.landkreis-harburg.de\/formulare\/fs.php?id=20100-10296-20100\" target=\"_blank\" rel=\"noopener\"><span style=\"font-family: helvetica;\">Antrag zur Erstellung einer Unbedenklichkeitsbescheinigung (PDF)<\/span><\/a><\/span><br \/>\n<span style=\"font-size: 16px;\"><a href=\"https:\/\/www.landkreis-harburg.de\/formulare\/fs.php?id=20100-901000501-20100\" target=\"_blank\" rel=\"noopener\"><span style=\"font-family: helvetica;\">Antrag zur Erteilung einer Erlaubnis nach <span style=\"font-family: helvetica;\">\u00a7 27 SprengG<\/span>\u00a0 (PDF)<\/span><\/a><\/span><\/p>\n<p>&nbsp;<\/p>\n<p style=\"text-align: justify;\"><span style=\"font-family: helvetica; font-size: 15px;\">&#8212;&#8211;<br \/>\n*F\u00fcr eine ordentliche Mitgliedschaft im B\u00f6llerregiment Hamburg und der Begr\u00fcndung eines Bed\u00fcrfnisses ist aus versicherungsrechtlichen Gr\u00fcnden eine regelm\u00e4\u00dfige Teilnahme an Versammlungen bzw. Veranstaltungen notwendig. Eine Mitgliedschaft allein berechtigt nicht zum Erwerb oder zur Verwendung von B\u00f6llerpulver gem\u00e4\u00df SprengG. Eine <strong>Sprengstofferlaubnis nach \u00a7 27 SprengG<\/strong> ist zwingend erforderlich zum Erwerben, Aufbewahren, Verwenden, Vernichten und Verbringen von Treibladungspulver im privaten Bereich. <span style=\"color: #ff0000;\">Eine <strong>g\u00fcltige Erlaubnis nach \u00a7 27 SprengG<\/strong><\/span><strong><span style=\"color: #ff0000;\">\u00a0ist auch bei uns die strikte Voraussetzung f\u00fcr den Umgang mit B\u00f6llern aller Art <\/span><\/strong><span style=\"color: #ff0000;\">z. B. bei Veranstaltungen oder Trainings, ohne diese ist ausdr\u00fccklich keine aktive Teilnahme am B\u00f6llerschie\u00dfen m\u00f6glich. Im Umkehrschluss bedeutet die \u00fcberwiegende Nichtteilnahme an Veranstaltungen bzw. Versammlungen auch ein Erl\u00f6schen des Bed\u00fcrfnisses etwa im Bezug auf eine angestrebte Verl\u00e4ngerung einer Erlaubnis nach \u00a7 27 SprengG. Wir sind Beh\u00f6rden gegen\u00fcber immer offen und transparent \u00fcber alle Aktivit\u00e4ten des B\u00f6llerregiments Hamburg.\u00a0<\/span><\/span><\/p>\n<p>&nbsp;<\/p>\n<p>&nbsp;<\/p>\n<p>&nbsp;<\/p>\n","protected":false},"excerpt":{"rendered":"<p>HOME\u00a0 \u00a0 \u00a0\u00dcBER UNS\u00a0 \u00a0TRADITION\u00a0 \u00a0 \u00a0B\u00d6LLER \u00a0 \u00a0VERANSTALTUNGEN\u00a0 \u00a0 KONTAKT \u00a0 FORMULARE\/ANTR\u00c4GE\u00a0 \u00a0MEDIEN\u00a0 \u00a0LINKS \u00a0Links und externe Infos Ballistik Nord e.V.\u00a0sportliches Schie\u00dfen \u00a0 \u00a0 \u00a0 \u00a0 \u00a0 \u00a0 \u00a0 \u00a0 \u00a0 Bietet regelm\u00e4\u00dfige staatlich anerkannte Lehrg\u00e4nge zur Erlangung der Sachkunde nach \u00a7 27 SprengG an Verband Deutscher Schwarzpulver Kanoniere e.V. \u00a0 \u00a0 \u00a0 \u00a0 [&hellip;]<\/p>\n","protected":false},"author":1,"featured_media":0,"parent":0,"menu_order":0,"comment_status":"closed","ping_status":"closed","template":"blank","meta":{"footnotes":""},"class_list":["post-106","page","type-page","status-publish","hentry"],"yoast_head":"<!-- This site is optimized with the Yoast SEO plugin v27.5 - https:\/\/yoast.com\/product\/yoast-seo-wordpress\/ -->\n<title>Links und externe Infos - B\u00f6llerregiment Hamburg<\/title>\n<meta name=\"robots\" content=\"index, follow, max-snippet:-1, max-image-preview:large, max-video-preview:-1\" \/>\n<link rel=\"canonical\" href=\"https:\/\/xn--bllerregiment-imb.de\/live\/links-und-externe-infos\/\" \/>\n<meta property=\"og:locale\" content=\"de_DE\" \/>\n<meta property=\"og:type\" content=\"article\" \/>\n<meta property=\"og:title\" content=\"Links und externe Infos - B\u00f6llerregiment Hamburg\" \/>\n<meta property=\"og:description\" content=\"HOME\u00a0 \u00a0 \u00a0\u00dcBER UNS\u00a0 \u00a0TRADITION\u00a0 \u00a0 \u00a0B\u00d6LLER \u00a0 \u00a0VERANSTALTUNGEN\u00a0 \u00a0 KONTAKT \u00a0 FORMULARE\/ANTR\u00c4GE\u00a0 \u00a0MEDIEN\u00a0 \u00a0LINKS \u00a0Links und externe Infos Ballistik Nord e.V.\u00a0sportliches Schie\u00dfen \u00a0 \u00a0 \u00a0 \u00a0 \u00a0 \u00a0 \u00a0 \u00a0 \u00a0 Bietet regelm\u00e4\u00dfige staatlich anerkannte Lehrg\u00e4nge zur Erlangung der Sachkunde nach \u00a7 27 SprengG an Verband Deutscher Schwarzpulver Kanoniere e.V. \u00a0 \u00a0 \u00a0 \u00a0 [&hellip;]\" \/>\n<meta property=\"og:url\" content=\"https:\/\/xn--bllerregiment-imb.de\/live\/links-und-externe-infos\/\" \/>\n<meta property=\"og:site_name\" content=\"B\u00f6llerregiment Hamburg\" \/>\n<meta property=\"article:publisher\" content=\"https:\/\/www.facebook.com\/photo?fbid=567558023283891&amp;set=basw.Abp960-yDWiGNV0WyMocxK5nPf7QNXsEL0YreAWbHK-Zi5JuCuhneBWjEI-yl46YyWn0-jhppgFEAn3f_YsVQRNLC3m9wAZ8x9KrDaFkfontV3nhkMapNGxqpT9DtHQdguG2WoDko7URL9xaXKEz9aZn4RKDJrttjo2RXInekZBWLA&amp;opaqueCursor=AbpGCtQS0Myztt4CrA4jsAJ-ZClgweX4frfXFFYPlTBjHlJcTpIYR7Zu19pLSCRjan5jDJw5Pt-lUB8UkfLLR9yra4vaxgMVWL9gtZCKY2iai0E24vb5E28LGlL8fNpl1YKlmVT_PAu1WsgyOSR2WahAD2Tlr3ZP-MsBTcPfg2tWUVqHpSfkVjAhpSbZgfTxhv7foMqW2oNwR9Qfjh6SEq0l35jXq6V4krd_nFAh1ZyRpjAVtveVYx5iTJWxZwKuBz001IyTYAjd4OhldGL_4fGWtETYDHcAYraXHqXqiK0XEseyOeyF4Gcs32sD6G3wPmwbBt39xA_0YODARh7v36u_5VJQwsCOS7dX9AJDu7HUAOMYAkyitciJk_s-ewvcRKqi_xfZ1x0X8wjsCWo4jz9HAdfLtRQGYufskYHb5tQbK04D-8lB7U6DoKJCJJEgc-xtDT6OAW4O-8fTgAmFHGRX1Ivxn3HIJtkXcOeYmHf0bwsNJJMckfpjRvoc_IVLfSANSNPuq4naTiEtFIXdLRBIxiE46TrsQCHp6gVQLcNWAIaj8FG1w0dIf427d0yrrwBwhUdhm4l3AIGMhLhGqJrYlBy12HMvQoGIJIqFes8ZgROp_n4idUJJdXfAnEZK7BD3vA1cQ7oxTIaX5LUb4SLuoHecAGgP4U3NGTVC_GrdzWc9RttavKoxotpNS59irxRC7PA3_K-eyYBmgcSFNaWTnhkdSWrpZlfJYFb1REIWKibKeaHGFuE7EM8vte35HN2FjYF-zZoFM4l8-iohnRqEgDcU9Z-qysk0WJT1fCYytw\" \/>\n<meta property=\"article:modified_time\" content=\"2024-03-09T23:03:18+00:00\" \/>\n<meta property=\"og:image\" content=\"https:\/\/xn--bllerregiment-imb.de\/live\/wp-content\/uploads\/2024\/01\/titelneu6.jpg\" \/>\n<meta name=\"twitter:card\" content=\"summary_large_image\" \/>\n<meta name=\"twitter:label1\" content=\"Gesch\u00e4tzte Lesezeit\" \/>\n\t<meta name=\"twitter:data1\" content=\"3\u00a0Minuten\" \/>\n<script type=\"application\/ld+json\" class=\"yoast-schema-graph\">{\"@context\":\"https:\\\/\\\/schema.org\",\"@graph\":[{\"@type\":\"WebPage\",\"@id\":\"https:\\\/\\\/xn--bllerregiment-imb.de\\\/live\\\/links-und-externe-infos\\\/\",\"url\":\"https:\\\/\\\/xn--bllerregiment-imb.de\\\/live\\\/links-und-externe-infos\\\/\",\"name\":\"Links und externe Infos - B\u00f6llerregiment Hamburg\",\"isPartOf\":{\"@id\":\"https:\\\/\\\/xn--bllerregiment-imb.de\\\/live\\\/#website\"},\"primaryImageOfPage\":{\"@id\":\"https:\\\/\\\/xn--bllerregiment-imb.de\\\/live\\\/links-und-externe-infos\\\/#primaryimage\"},\"image\":{\"@id\":\"https:\\\/\\\/xn--bllerregiment-imb.de\\\/live\\\/links-und-externe-infos\\\/#primaryimage\"},\"thumbnailUrl\":\"https:\\\/\\\/xn--bllerregiment-imb.de\\\/live\\\/wp-content\\\/uploads\\\/2024\\\/01\\\/titelneu6.jpg\",\"datePublished\":\"2023-12-19T11:38:18+00:00\",\"dateModified\":\"2024-03-09T23:03:18+00:00\",\"breadcrumb\":{\"@id\":\"https:\\\/\\\/xn--bllerregiment-imb.de\\\/live\\\/links-und-externe-infos\\\/#breadcrumb\"},\"inLanguage\":\"de\",\"potentialAction\":[{\"@type\":\"ReadAction\",\"target\":[\"https:\\\/\\\/xn--bllerregiment-imb.de\\\/live\\\/links-und-externe-infos\\\/\"]}]},{\"@type\":\"ImageObject\",\"inLanguage\":\"de\",\"@id\":\"https:\\\/\\\/xn--bllerregiment-imb.de\\\/live\\\/links-und-externe-infos\\\/#primaryimage\",\"url\":\"https:\\\/\\\/xn--bllerregiment-imb.de\\\/live\\\/wp-content\\\/uploads\\\/2024\\\/01\\\/titelneu6.jpg\",\"contentUrl\":\"https:\\\/\\\/xn--bllerregiment-imb.de\\\/live\\\/wp-content\\\/uploads\\\/2024\\\/01\\\/titelneu6.jpg\",\"width\":1920,\"height\":128},{\"@type\":\"BreadcrumbList\",\"@id\":\"https:\\\/\\\/xn--bllerregiment-imb.de\\\/live\\\/links-und-externe-infos\\\/#breadcrumb\",\"itemListElement\":[{\"@type\":\"ListItem\",\"position\":1,\"name\":\"Startseite\",\"item\":\"https:\\\/\\\/xn--bllerregiment-imb.de\\\/live\\\/\"},{\"@type\":\"ListItem\",\"position\":2,\"name\":\"Links und externe Infos\"}]},{\"@type\":\"WebSite\",\"@id\":\"https:\\\/\\\/xn--bllerregiment-imb.de\\\/live\\\/#website\",\"url\":\"https:\\\/\\\/xn--bllerregiment-imb.de\\\/live\\\/\",\"name\":\"B\u00f6llerregiment Hamburg\",\"description\":\"Jetzt knallts richtig!\",\"publisher\":{\"@id\":\"https:\\\/\\\/xn--bllerregiment-imb.de\\\/live\\\/#organization\"},\"alternateName\":\"B\u00f6llerregiment.de\",\"potentialAction\":[{\"@type\":\"SearchAction\",\"target\":{\"@type\":\"EntryPoint\",\"urlTemplate\":\"https:\\\/\\\/xn--bllerregiment-imb.de\\\/live\\\/?s={search_term_string}\"},\"query-input\":{\"@type\":\"PropertyValueSpecification\",\"valueRequired\":true,\"valueName\":\"search_term_string\"}}],\"inLanguage\":\"de\"},{\"@type\":\"Organization\",\"@id\":\"https:\\\/\\\/xn--bllerregiment-imb.de\\\/live\\\/#organization\",\"name\":\"B\u00f6llerregiment Hamburg\",\"alternateName\":\"Hamburger B\u00f6llerregiment\",\"url\":\"https:\\\/\\\/xn--bllerregiment-imb.de\\\/live\\\/\",\"logo\":{\"@type\":\"ImageObject\",\"inLanguage\":\"de\",\"@id\":\"https:\\\/\\\/xn--bllerregiment-imb.de\\\/live\\\/#\\\/schema\\\/logo\\\/image\\\/\",\"url\":\"https:\\\/\\\/xn--bllerregiment-imb.de\\\/live\\\/wp-content\\\/uploads\\\/2023\\\/12\\\/cropped-Logo_Bllerregiment.jpg\",\"contentUrl\":\"https:\\\/\\\/xn--bllerregiment-imb.de\\\/live\\\/wp-content\\\/uploads\\\/2023\\\/12\\\/cropped-Logo_Bllerregiment.jpg\",\"width\":1626,\"height\":2133,\"caption\":\"B\u00f6llerregiment Hamburg\"},\"image\":{\"@id\":\"https:\\\/\\\/xn--bllerregiment-imb.de\\\/live\\\/#\\\/schema\\\/logo\\\/image\\\/\"},\"sameAs\":[\"https:\\\/\\\/www.facebook.com\\\/photo?fbid=567558023283891&set=basw.Abp960-yDWiGNV0WyMocxK5nPf7QNXsEL0YreAWbHK-Zi5JuCuhneBWjEI-yl46YyWn0-jhppgFEAn3f_YsVQRNLC3m9wAZ8x9KrDaFkfontV3nhkMapNGxqpT9DtHQdguG2WoDko7URL9xaXKEz9aZn4RKDJrttjo2RXInekZBWLA&opaqueCursor=AbpGCtQS0Myztt4CrA4jsAJ-ZClgweX4frfXFFYPlTBjHlJcTpIYR7Zu19pLSCRjan5jDJw5Pt-lUB8UkfLLR9yra4vaxgMVWL9gtZCKY2iai0E24vb5E28LGlL8fNpl1YKlmVT_PAu1WsgyOSR2WahAD2Tlr3ZP-MsBTcPfg2tWUVqHpSfkVjAhpSbZgfTxhv7foMqW2oNwR9Qfjh6SEq0l35jXq6V4krd_nFAh1ZyRpjAVtveVYx5iTJWxZwKuBz001IyTYAjd4OhldGL_4fGWtETYDHcAYraXHqXqiK0XEseyOeyF4Gcs32sD6G3wPmwbBt39xA_0YODARh7v36u_5VJQwsCOS7dX9AJDu7HUAOMYAkyitciJk_s-ewvcRKqi_xfZ1x0X8wjsCWo4jz9HAdfLtRQGYufskYHb5tQbK04D-8lB7U6DoKJCJJEgc-xtDT6OAW4O-8fTgAmFHGRX1Ivxn3HIJtkXcOeYmHf0bwsNJJMckfpjRvoc_IVLfSANSNPuq4naTiEtFIXdLRBIxiE46TrsQCHp6gVQLcNWAIaj8FG1w0dIf427d0yrrwBwhUdhm4l3AIGMhLhGqJrYlBy12HMvQoGIJIqFes8ZgROp_n4idUJJdXfAnEZK7BD3vA1cQ7oxTIaX5LUb4SLuoHecAGgP4U3NGTVC_GrdzWc9RttavKoxotpNS59irxRC7PA3_K-eyYBmgcSFNaWTnhkdSWrpZlfJYFb1REIWKibKeaHGFuE7EM8vte35HN2FjYF-zZoFM4l8-iohnRqEgDcU9Z-qysk0WJT1fCYytw\",\"https:\\\/\\\/youtu.be\\\/HSir9dD-1No?feature=shared\"]}]}<\/script>\n<!-- \/ Yoast SEO plugin. -->","yoast_head_json":{"title":"Links und externe Infos - B\u00f6llerregiment Hamburg","robots":{"index":"index","follow":"follow","max-snippet":"max-snippet:-1","max-image-preview":"max-image-preview:large","max-video-preview":"max-video-preview:-1"},"canonical":"https:\/\/xn--bllerregiment-imb.de\/live\/links-und-externe-infos\/","og_locale":"de_DE","og_type":"article","og_title":"Links und externe Infos - B\u00f6llerregiment Hamburg","og_description":"HOME\u00a0 \u00a0 \u00a0\u00dcBER UNS\u00a0 \u00a0TRADITION\u00a0 \u00a0 \u00a0B\u00d6LLER \u00a0 \u00a0VERANSTALTUNGEN\u00a0 \u00a0 KONTAKT \u00a0 FORMULARE\/ANTR\u00c4GE\u00a0 \u00a0MEDIEN\u00a0 \u00a0LINKS \u00a0Links und externe Infos Ballistik Nord e.V.\u00a0sportliches Schie\u00dfen \u00a0 \u00a0 \u00a0 \u00a0 \u00a0 \u00a0 \u00a0 \u00a0 \u00a0 Bietet regelm\u00e4\u00dfige staatlich anerkannte Lehrg\u00e4nge zur Erlangung der Sachkunde nach \u00a7 27 SprengG an Verband Deutscher Schwarzpulver Kanoniere e.V. \u00a0 \u00a0 \u00a0 \u00a0 [&hellip;]","og_url":"https:\/\/xn--bllerregiment-imb.de\/live\/links-und-externe-infos\/","og_site_name":"B\u00f6llerregiment Hamburg","article_publisher":"https:\/\/www.facebook.com\/photo?fbid=567558023283891&set=basw.Abp960-yDWiGNV0WyMocxK5nPf7QNXsEL0YreAWbHK-Zi5JuCuhneBWjEI-yl46YyWn0-jhppgFEAn3f_YsVQRNLC3m9wAZ8x9KrDaFkfontV3nhkMapNGxqpT9DtHQdguG2WoDko7URL9xaXKEz9aZn4RKDJrttjo2RXInekZBWLA&opaqueCursor=AbpGCtQS0Myztt4CrA4jsAJ-ZClgweX4frfXFFYPlTBjHlJcTpIYR7Zu19pLSCRjan5jDJw5Pt-lUB8UkfLLR9yra4vaxgMVWL9gtZCKY2iai0E24vb5E28LGlL8fNpl1YKlmVT_PAu1WsgyOSR2WahAD2Tlr3ZP-MsBTcPfg2tWUVqHpSfkVjAhpSbZgfTxhv7foMqW2oNwR9Qfjh6SEq0l35jXq6V4krd_nFAh1ZyRpjAVtveVYx5iTJWxZwKuBz001IyTYAjd4OhldGL_4fGWtETYDHcAYraXHqXqiK0XEseyOeyF4Gcs32sD6G3wPmwbBt39xA_0YODARh7v36u_5VJQwsCOS7dX9AJDu7HUAOMYAkyitciJk_s-ewvcRKqi_xfZ1x0X8wjsCWo4jz9HAdfLtRQGYufskYHb5tQbK04D-8lB7U6DoKJCJJEgc-xtDT6OAW4O-8fTgAmFHGRX1Ivxn3HIJtkXcOeYmHf0bwsNJJMckfpjRvoc_IVLfSANSNPuq4naTiEtFIXdLRBIxiE46TrsQCHp6gVQLcNWAIaj8FG1w0dIf427d0yrrwBwhUdhm4l3AIGMhLhGqJrYlBy12HMvQoGIJIqFes8ZgROp_n4idUJJdXfAnEZK7BD3vA1cQ7oxTIaX5LUb4SLuoHecAGgP4U3NGTVC_GrdzWc9RttavKoxotpNS59irxRC7PA3_K-eyYBmgcSFNaWTnhkdSWrpZlfJYFb1REIWKibKeaHGFuE7EM8vte35HN2FjYF-zZoFM4l8-iohnRqEgDcU9Z-qysk0WJT1fCYytw","article_modified_time":"2024-03-09T23:03:18+00:00","og_image":[{"url":"https:\/\/xn--bllerregiment-imb.de\/live\/wp-content\/uploads\/2024\/01\/titelneu6.jpg","type":"","width":"","height":""}],"twitter_card":"summary_large_image","twitter_misc":{"Gesch\u00e4tzte Lesezeit":"3\u00a0Minuten"},"schema":{"@context":"https:\/\/schema.org","@graph":[{"@type":"WebPage","@id":"https:\/\/xn--bllerregiment-imb.de\/live\/links-und-externe-infos\/","url":"https:\/\/xn--bllerregiment-imb.de\/live\/links-und-externe-infos\/","name":"Links und externe Infos - B\u00f6llerregiment Hamburg","isPartOf":{"@id":"https:\/\/xn--bllerregiment-imb.de\/live\/#website"},"primaryImageOfPage":{"@id":"https:\/\/xn--bllerregiment-imb.de\/live\/links-und-externe-infos\/#primaryimage"},"image":{"@id":"https:\/\/xn--bllerregiment-imb.de\/live\/links-und-externe-infos\/#primaryimage"},"thumbnailUrl":"https:\/\/xn--bllerregiment-imb.de\/live\/wp-content\/uploads\/2024\/01\/titelneu6.jpg","datePublished":"2023-12-19T11:38:18+00:00","dateModified":"2024-03-09T23:03:18+00:00","breadcrumb":{"@id":"https:\/\/xn--bllerregiment-imb.de\/live\/links-und-externe-infos\/#breadcrumb"},"inLanguage":"de","potentialAction":[{"@type":"ReadAction","target":["https:\/\/xn--bllerregiment-imb.de\/live\/links-und-externe-infos\/"]}]},{"@type":"ImageObject","inLanguage":"de","@id":"https:\/\/xn--bllerregiment-imb.de\/live\/links-und-externe-infos\/#primaryimage","url":"https:\/\/xn--bllerregiment-imb.de\/live\/wp-content\/uploads\/2024\/01\/titelneu6.jpg","contentUrl":"https:\/\/xn--bllerregiment-imb.de\/live\/wp-content\/uploads\/2024\/01\/titelneu6.jpg","width":1920,"height":128},{"@type":"BreadcrumbList","@id":"https:\/\/xn--bllerregiment-imb.de\/live\/links-und-externe-infos\/#breadcrumb","itemListElement":[{"@type":"ListItem","position":1,"name":"Startseite","item":"https:\/\/xn--bllerregiment-imb.de\/live\/"},{"@type":"ListItem","position":2,"name":"Links und externe Infos"}]},{"@type":"WebSite","@id":"https:\/\/xn--bllerregiment-imb.de\/live\/#website","url":"https:\/\/xn--bllerregiment-imb.de\/live\/","name":"B\u00f6llerregiment Hamburg","description":"Jetzt knallts richtig!","publisher":{"@id":"https:\/\/xn--bllerregiment-imb.de\/live\/#organization"},"alternateName":"B\u00f6llerregiment.de","potentialAction":[{"@type":"SearchAction","target":{"@type":"EntryPoint","urlTemplate":"https:\/\/xn--bllerregiment-imb.de\/live\/?s={search_term_string}"},"query-input":{"@type":"PropertyValueSpecification","valueRequired":true,"valueName":"search_term_string"}}],"inLanguage":"de"},{"@type":"Organization","@id":"https:\/\/xn--bllerregiment-imb.de\/live\/#organization","name":"B\u00f6llerregiment Hamburg","alternateName":"Hamburger B\u00f6llerregiment","url":"https:\/\/xn--bllerregiment-imb.de\/live\/","logo":{"@type":"ImageObject","inLanguage":"de","@id":"https:\/\/xn--bllerregiment-imb.de\/live\/#\/schema\/logo\/image\/","url":"https:\/\/xn--bllerregiment-imb.de\/live\/wp-content\/uploads\/2023\/12\/cropped-Logo_Bllerregiment.jpg","contentUrl":"https:\/\/xn--bllerregiment-imb.de\/live\/wp-content\/uploads\/2023\/12\/cropped-Logo_Bllerregiment.jpg","width":1626,"height":2133,"caption":"B\u00f6llerregiment Hamburg"},"image":{"@id":"https:\/\/xn--bllerregiment-imb.de\/live\/#\/schema\/logo\/image\/"},"sameAs":["https:\/\/www.facebook.com\/photo?fbid=567558023283891&set=basw.Abp960-yDWiGNV0WyMocxK5nPf7QNXsEL0YreAWbHK-Zi5JuCuhneBWjEI-yl46YyWn0-jhppgFEAn3f_YsVQRNLC3m9wAZ8x9KrDaFkfontV3nhkMapNGxqpT9DtHQdguG2WoDko7URL9xaXKEz9aZn4RKDJrttjo2RXInekZBWLA&opaqueCursor=AbpGCtQS0Myztt4CrA4jsAJ-ZClgweX4frfXFFYPlTBjHlJcTpIYR7Zu19pLSCRjan5jDJw5Pt-lUB8UkfLLR9yra4vaxgMVWL9gtZCKY2iai0E24vb5E28LGlL8fNpl1YKlmVT_PAu1WsgyOSR2WahAD2Tlr3ZP-MsBTcPfg2tWUVqHpSfkVjAhpSbZgfTxhv7foMqW2oNwR9Qfjh6SEq0l35jXq6V4krd_nFAh1ZyRpjAVtveVYx5iTJWxZwKuBz001IyTYAjd4OhldGL_4fGWtETYDHcAYraXHqXqiK0XEseyOeyF4Gcs32sD6G3wPmwbBt39xA_0YODARh7v36u_5VJQwsCOS7dX9AJDu7HUAOMYAkyitciJk_s-ewvcRKqi_xfZ1x0X8wjsCWo4jz9HAdfLtRQGYufskYHb5tQbK04D-8lB7U6DoKJCJJEgc-xtDT6OAW4O-8fTgAmFHGRX1Ivxn3HIJtkXcOeYmHf0bwsNJJMckfpjRvoc_IVLfSANSNPuq4naTiEtFIXdLRBIxiE46TrsQCHp6gVQLcNWAIaj8FG1w0dIf427d0yrrwBwhUdhm4l3AIGMhLhGqJrYlBy12HMvQoGIJIqFes8ZgROp_n4idUJJdXfAnEZK7BD3vA1cQ7oxTIaX5LUb4SLuoHecAGgP4U3NGTVC_GrdzWc9RttavKoxotpNS59irxRC7PA3_K-eyYBmgcSFNaWTnhkdSWrpZlfJYFb1REIWKibKeaHGFuE7EM8vte35HN2FjYF-zZoFM4l8-iohnRqEgDcU9Z-qysk0WJT1fCYytw","https:\/\/youtu.be\/HSir9dD-1No?feature=shared"]}]}},"_links":{"self":[{"href":"https:\/\/xn--bllerregiment-imb.de\/live\/wp-json\/wp\/v2\/pages\/106","targetHints":{"allow":["GET"]}}],"collection":[{"href":"https:\/\/xn--bllerregiment-imb.de\/live\/wp-json\/wp\/v2\/pages"}],"about":[{"href":"https:\/\/xn--bllerregiment-imb.de\/live\/wp-json\/wp\/v2\/types\/page"}],"author":[{"embeddable":true,"href":"https:\/\/xn--bllerregiment-imb.de\/live\/wp-json\/wp\/v2\/users\/1"}],"replies":[{"embeddable":true,"href":"https:\/\/xn--bllerregiment-imb.de\/live\/wp-json\/wp\/v2\/comments?post=106"}],"version-history":[{"count":52,"href":"https:\/\/xn--bllerregiment-imb.de\/live\/wp-json\/wp\/v2\/pages\/106\/revisions"}],"predecessor-version":[{"id":596,"href":"https:\/\/xn--bllerregiment-imb.de\/live\/wp-json\/wp\/v2\/pages\/106\/revisions\/596"}],"wp:attachment":[{"href":"https:\/\/xn--bllerregiment-imb.de\/live\/wp-json\/wp\/v2\/media?parent=106"}],"curies":[{"name":"wp","href":"https:\/\/api.w.org\/{rel}","templated":true}]}}