{"id":311,"date":"2024-01-23T08:50:20","date_gmt":"2024-01-23T07:50:20","guid":{"rendered":"https:\/\/xn--bllerregiment-imb.de\/live\/?page_id=311"},"modified":"2025-01-03T12:02:38","modified_gmt":"2025-01-03T11:02:38","slug":"boellerregiment-hamburg","status":"publish","type":"page","link":"https:\/\/xn--bllerregiment-imb.de\/live\/","title":{"rendered":"B\u00f6llerregiment Hamburg"},"content":{"rendered":"<p style=\"text-align: center;\"><img loading=\"lazy\" decoding=\"async\" class=\"alignnone size-full wp-image-476\" src=\"https:\/\/xn--bllerregiment-imb.de\/live\/wp-content\/uploads\/2024\/01\/titelneu6.jpg\" alt=\"\" width=\"1920\" height=\"128\" srcset=\"https:\/\/xn--bllerregiment-imb.de\/live\/wp-content\/uploads\/2024\/01\/titelneu6.jpg 1920w, https:\/\/xn--bllerregiment-imb.de\/live\/wp-content\/uploads\/2024\/01\/titelneu6-300x20.jpg 300w, https:\/\/xn--bllerregiment-imb.de\/live\/wp-content\/uploads\/2024\/01\/titelneu6-1024x68.jpg 1024w, https:\/\/xn--bllerregiment-imb.de\/live\/wp-content\/uploads\/2024\/01\/titelneu6-768x51.jpg 768w, https:\/\/xn--bllerregiment-imb.de\/live\/wp-content\/uploads\/2024\/01\/titelneu6-1536x102.jpg 1536w\" sizes=\"auto, (max-width: 1920px) 100vw, 1920px\" \/><\/p>\n<p style=\"text-align: center;\"><span style=\"font-family: verdana, geneva; font-size: 16px;\"><strong><span style=\"font-family: arial, helvetica, sans-serif;\"><a href=\"https:\/\/b\u00f6llerregiment.de\/live\/ueber-uns\/boellerregiment-hamburg\/\">HOME<\/a>\u00a0 \u00a0 \u00a0<a href=\"https:\/\/b\u00f6llerregiment.de\/live\/ueber-uns\/\">\u00dcBER UNS<\/a>\u00a0 \u00a0<a href=\"https:\/\/b\u00f6llerregiment.de\/live\/tradition-des-boellerns\/\">TRADITION<\/a>\u00a0 \u00a0 \u00a0<a href=\"https:\/\/b\u00f6llerregiment.de\/live\/ueber-uns\/boeller\/\">B\u00d6LLER<\/a> \u00a0 \u00a0<a href=\"https:\/\/b\u00f6llerregiment.de\/live\/veranstaltungen\/\">VERANSTALTUNGEN<\/a>\u00a0 \u00a0 <a href=\"https:\/\/b\u00f6llerregiment.de\/live\/kontakt\/\">KONTAKT<\/a> \u00a0 <a href=\"https:\/\/b\u00f6llerregiment.de\/live\/ueber-uns\/formulare-antraege\/\">FORMULARE\/ANTR\u00c4GE<\/a>\u00a0 \u00a0<a href=\"https:\/\/b\u00f6llerregiment.de\/live\/medien-und-mitschnitte\/\">MEDIEN<\/a>\u00a0 \u00a0<\/span><\/strong><\/span><span style=\"font-family: arial, helvetica, sans-serif;\"><strong><a href=\"https:\/\/b\u00f6llerregiment.de\/live\/links-und-externe-infos\/\"><span style=\"font-size: 14px;\"><span style=\"font-size: 16px;\">LINKS<\/span><\/span><\/a><\/strong><\/span><\/p>\n<p style=\"text-align: center;\"><span style=\"font-family: helvetica; font-size: 17px;\">Herzlich willkommen auf der Homepage des B\u00f6llerregiment Hamburg von 2003.<br \/>\nHier informieren wir euch \u00fcber die langj\u00e4hrige Tradition des B\u00f6llerschie\u00dfens und teilen euch alle aktuellen Infos mit.<br \/>\nNehmt gerne mit uns Kontakt auf, um das B\u00f6llerregiment f\u00fcr eine eurer n\u00e4chsten Veranstaltungen zu buchen<br \/>\noder falls ihr euch f\u00fcr das Mitmachen interessiert. Wir freuen uns auf eure Anfrage!<\/span><\/p>\n<p style=\"text-align: center;\"><a href=\"https:\/\/xn--bllerregiment-imb.de\/live\/kontakt\/\"><img loading=\"lazy\" decoding=\"async\" class=\"aligncenter  wp-image-635\" src=\"https:\/\/xn--bllerregiment-imb.de\/live\/wp-content\/uploads\/2025\/01\/machmit.png\" alt=\"\" width=\"510\" height=\"164\" srcset=\"https:\/\/xn--bllerregiment-imb.de\/live\/wp-content\/uploads\/2025\/01\/machmit.png 1400w, https:\/\/xn--bllerregiment-imb.de\/live\/wp-content\/uploads\/2025\/01\/machmit-300x96.png 300w, https:\/\/xn--bllerregiment-imb.de\/live\/wp-content\/uploads\/2025\/01\/machmit-768x247.png 768w\" sizes=\"auto, (max-width: 510px) 100vw, 510px\" \/><\/a><\/p>\n<p style=\"text-align: center;\"><img loading=\"lazy\" decoding=\"async\" class=\"wp-image-288 aligncenter\" src=\"https:\/\/xn--bllerregiment-imb.de\/live\/wp-content\/uploads\/2024\/01\/underheader-photo-1024x427.jpg\" alt=\"B\u00f6llerregiment\" width=\"945\" height=\"394\" srcset=\"https:\/\/xn--bllerregiment-imb.de\/live\/wp-content\/uploads\/2024\/01\/underheader-photo-1024x427.jpg 1024w, https:\/\/xn--bllerregiment-imb.de\/live\/wp-content\/uploads\/2024\/01\/underheader-photo-300x125.jpg 300w, https:\/\/xn--bllerregiment-imb.de\/live\/wp-content\/uploads\/2024\/01\/underheader-photo-768x320.jpg 768w, https:\/\/xn--bllerregiment-imb.de\/live\/wp-content\/uploads\/2024\/01\/underheader-photo-850x354.jpg 850w, https:\/\/xn--bllerregiment-imb.de\/live\/wp-content\/uploads\/2024\/01\/underheader-photo.jpg 1200w\" sizes=\"auto, (max-width: 945px) 100vw, 945px\" \/><\/p>\n<p><!--more--><\/p>\n<p style=\"text-align: center;\"><span style=\"font-family: helvetica;\"><a href=\"https:\/\/b\u00f6llerregiment.de\/live\/impressum\/\">Impressum \/ Datenschutz<\/a><\/span><\/p>\n<p><span style=\"font-size: 12px;\"><br \/>\nAlle Rechte vorbehalten<br \/>\n\u00a92024 Britishmanagement.com<\/span><\/p>\n","protected":false},"excerpt":{"rendered":"<p>HOME\u00a0 \u00a0 \u00a0\u00dcBER UNS\u00a0 \u00a0TRADITION\u00a0 \u00a0 \u00a0B\u00d6LLER \u00a0 \u00a0VERANSTALTUNGEN\u00a0 \u00a0 KONTAKT \u00a0 FORMULARE\/ANTR\u00c4GE\u00a0 \u00a0MEDIEN\u00a0 \u00a0LINKS Herzlich willkommen auf der Homepage des B\u00f6llerregiment Hamburg von 2003. Hier informieren wir euch \u00fcber die langj\u00e4hrige Tradition des B\u00f6llerschie\u00dfens und teilen euch alle aktuellen Infos mit. Nehmt gerne mit uns Kontakt auf, um das B\u00f6llerregiment f\u00fcr eine eurer n\u00e4chsten [&hellip;]<\/p>\n","protected":false},"author":1,"featured_media":0,"parent":0,"menu_order":0,"comment_status":"closed","ping_status":"closed","template":"blank","meta":{"footnotes":""},"class_list":["post-311","page","type-page","status-publish","hentry"],"yoast_head":"<!-- This site is optimized with the Yoast SEO plugin v27.5 - https:\/\/yoast.com\/product\/yoast-seo-wordpress\/ -->\n<title>B\u00f6llerregiment Hamburg - B\u00f6llerregiment Hamburg<\/title>\n<meta name=\"robots\" content=\"index, follow, max-snippet:-1, max-image-preview:large, max-video-preview:-1\" \/>\n<link rel=\"canonical\" href=\"https:\/\/xn--bllerregiment-imb.de\/live\/\" \/>\n<meta property=\"og:locale\" content=\"de_DE\" \/>\n<meta property=\"og:type\" content=\"article\" \/>\n<meta property=\"og:title\" content=\"B\u00f6llerregiment Hamburg - B\u00f6llerregiment Hamburg\" \/>\n<meta property=\"og:description\" content=\"HOME\u00a0 \u00a0 \u00a0\u00dcBER UNS\u00a0 \u00a0TRADITION\u00a0 \u00a0 \u00a0B\u00d6LLER \u00a0 \u00a0VERANSTALTUNGEN\u00a0 \u00a0 KONTAKT \u00a0 FORMULARE\/ANTR\u00c4GE\u00a0 \u00a0MEDIEN\u00a0 \u00a0LINKS Herzlich willkommen auf der Homepage des B\u00f6llerregiment Hamburg von 2003. Hier informieren wir euch \u00fcber die langj\u00e4hrige Tradition des B\u00f6llerschie\u00dfens und teilen euch alle aktuellen Infos mit. Nehmt gerne mit uns Kontakt auf, um das B\u00f6llerregiment f\u00fcr eine eurer n\u00e4chsten [&hellip;]\" \/>\n<meta property=\"og:url\" content=\"https:\/\/xn--bllerregiment-imb.de\/live\/\" \/>\n<meta property=\"og:site_name\" content=\"B\u00f6llerregiment Hamburg\" \/>\n<meta property=\"article:publisher\" content=\"https:\/\/www.facebook.com\/photo?fbid=567558023283891&amp;set=basw.Abp960-yDWiGNV0WyMocxK5nPf7QNXsEL0YreAWbHK-Zi5JuCuhneBWjEI-yl46YyWn0-jhppgFEAn3f_YsVQRNLC3m9wAZ8x9KrDaFkfontV3nhkMapNGxqpT9DtHQdguG2WoDko7URL9xaXKEz9aZn4RKDJrttjo2RXInekZBWLA&amp;opaqueCursor=AbpGCtQS0Myztt4CrA4jsAJ-ZClgweX4frfXFFYPlTBjHlJcTpIYR7Zu19pLSCRjan5jDJw5Pt-lUB8UkfLLR9yra4vaxgMVWL9gtZCKY2iai0E24vb5E28LGlL8fNpl1YKlmVT_PAu1WsgyOSR2WahAD2Tlr3ZP-MsBTcPfg2tWUVqHpSfkVjAhpSbZgfTxhv7foMqW2oNwR9Qfjh6SEq0l35jXq6V4krd_nFAh1ZyRpjAVtveVYx5iTJWxZwKuBz001IyTYAjd4OhldGL_4fGWtETYDHcAYraXHqXqiK0XEseyOeyF4Gcs32sD6G3wPmwbBt39xA_0YODARh7v36u_5VJQwsCOS7dX9AJDu7HUAOMYAkyitciJk_s-ewvcRKqi_xfZ1x0X8wjsCWo4jz9HAdfLtRQGYufskYHb5tQbK04D-8lB7U6DoKJCJJEgc-xtDT6OAW4O-8fTgAmFHGRX1Ivxn3HIJtkXcOeYmHf0bwsNJJMckfpjRvoc_IVLfSANSNPuq4naTiEtFIXdLRBIxiE46TrsQCHp6gVQLcNWAIaj8FG1w0dIf427d0yrrwBwhUdhm4l3AIGMhLhGqJrYlBy12HMvQoGIJIqFes8ZgROp_n4idUJJdXfAnEZK7BD3vA1cQ7oxTIaX5LUb4SLuoHecAGgP4U3NGTVC_GrdzWc9RttavKoxotpNS59irxRC7PA3_K-eyYBmgcSFNaWTnhkdSWrpZlfJYFb1REIWKibKeaHGFuE7EM8vte35HN2FjYF-zZoFM4l8-iohnRqEgDcU9Z-qysk0WJT1fCYytw\" \/>\n<meta property=\"article:modified_time\" content=\"2025-01-03T11:02:38+00:00\" \/>\n<meta property=\"og:image\" content=\"https:\/\/xn--bllerregiment-imb.de\/live\/wp-content\/uploads\/2024\/01\/titelneu6.jpg\" \/>\n\t<meta property=\"og:image:width\" content=\"1920\" \/>\n\t<meta property=\"og:image:height\" content=\"128\" \/>\n\t<meta property=\"og:image:type\" content=\"image\/jpeg\" \/>\n<meta name=\"twitter:card\" content=\"summary_large_image\" \/>\n<meta name=\"twitter:label1\" content=\"Gesch\u00e4tzte Lesezeit\" \/>\n\t<meta name=\"twitter:data1\" content=\"2\u00a0Minuten\" \/>\n<script type=\"application\/ld+json\" class=\"yoast-schema-graph\">{\"@context\":\"https:\\\/\\\/schema.org\",\"@graph\":[{\"@type\":\"WebPage\",\"@id\":\"https:\\\/\\\/xn--bllerregiment-imb.de\\\/live\\\/\",\"url\":\"https:\\\/\\\/xn--bllerregiment-imb.de\\\/live\\\/\",\"name\":\"B\u00f6llerregiment Hamburg - B\u00f6llerregiment Hamburg\",\"isPartOf\":{\"@id\":\"https:\\\/\\\/xn--bllerregiment-imb.de\\\/live\\\/#website\"},\"primaryImageOfPage\":{\"@id\":\"https:\\\/\\\/xn--bllerregiment-imb.de\\\/live\\\/#primaryimage\"},\"image\":{\"@id\":\"https:\\\/\\\/xn--bllerregiment-imb.de\\\/live\\\/#primaryimage\"},\"thumbnailUrl\":\"https:\\\/\\\/xn--bllerregiment-imb.de\\\/live\\\/wp-content\\\/uploads\\\/2024\\\/01\\\/titelneu6.jpg\",\"datePublished\":\"2024-01-23T07:50:20+00:00\",\"dateModified\":\"2025-01-03T11:02:38+00:00\",\"breadcrumb\":{\"@id\":\"https:\\\/\\\/xn--bllerregiment-imb.de\\\/live\\\/#breadcrumb\"},\"inLanguage\":\"de\",\"potentialAction\":[{\"@type\":\"ReadAction\",\"target\":[\"https:\\\/\\\/xn--bllerregiment-imb.de\\\/live\\\/\"]}]},{\"@type\":\"ImageObject\",\"inLanguage\":\"de\",\"@id\":\"https:\\\/\\\/xn--bllerregiment-imb.de\\\/live\\\/#primaryimage\",\"url\":\"https:\\\/\\\/xn--bllerregiment-imb.de\\\/live\\\/wp-content\\\/uploads\\\/2024\\\/01\\\/titelneu6.jpg\",\"contentUrl\":\"https:\\\/\\\/xn--bllerregiment-imb.de\\\/live\\\/wp-content\\\/uploads\\\/2024\\\/01\\\/titelneu6.jpg\",\"width\":1920,\"height\":128},{\"@type\":\"BreadcrumbList\",\"@id\":\"https:\\\/\\\/xn--bllerregiment-imb.de\\\/live\\\/#breadcrumb\",\"itemListElement\":[{\"@type\":\"ListItem\",\"position\":1,\"name\":\"Startseite\",\"item\":\"https:\\\/\\\/xn--bllerregiment-imb.de\\\/live\\\/\"},{\"@type\":\"ListItem\",\"position\":2,\"name\":\"B\u00f6llerregiment Hamburg\"}]},{\"@type\":\"WebSite\",\"@id\":\"https:\\\/\\\/xn--bllerregiment-imb.de\\\/live\\\/#website\",\"url\":\"https:\\\/\\\/xn--bllerregiment-imb.de\\\/live\\\/\",\"name\":\"B\u00f6llerregiment Hamburg\",\"description\":\"Jetzt knallts richtig!\",\"publisher\":{\"@id\":\"https:\\\/\\\/xn--bllerregiment-imb.de\\\/live\\\/#organization\"},\"alternateName\":\"B\u00f6llerregiment.de\",\"potentialAction\":[{\"@type\":\"SearchAction\",\"target\":{\"@type\":\"EntryPoint\",\"urlTemplate\":\"https:\\\/\\\/xn--bllerregiment-imb.de\\\/live\\\/?s={search_term_string}\"},\"query-input\":{\"@type\":\"PropertyValueSpecification\",\"valueRequired\":true,\"valueName\":\"search_term_string\"}}],\"inLanguage\":\"de\"},{\"@type\":\"Organization\",\"@id\":\"https:\\\/\\\/xn--bllerregiment-imb.de\\\/live\\\/#organization\",\"name\":\"B\u00f6llerregiment Hamburg\",\"alternateName\":\"Hamburger B\u00f6llerregiment\",\"url\":\"https:\\\/\\\/xn--bllerregiment-imb.de\\\/live\\\/\",\"logo\":{\"@type\":\"ImageObject\",\"inLanguage\":\"de\",\"@id\":\"https:\\\/\\\/xn--bllerregiment-imb.de\\\/live\\\/#\\\/schema\\\/logo\\\/image\\\/\",\"url\":\"https:\\\/\\\/xn--bllerregiment-imb.de\\\/live\\\/wp-content\\\/uploads\\\/2023\\\/12\\\/cropped-Logo_Bllerregiment.jpg\",\"contentUrl\":\"https:\\\/\\\/xn--bllerregiment-imb.de\\\/live\\\/wp-content\\\/uploads\\\/2023\\\/12\\\/cropped-Logo_Bllerregiment.jpg\",\"width\":1626,\"height\":2133,\"caption\":\"B\u00f6llerregiment Hamburg\"},\"image\":{\"@id\":\"https:\\\/\\\/xn--bllerregiment-imb.de\\\/live\\\/#\\\/schema\\\/logo\\\/image\\\/\"},\"sameAs\":[\"https:\\\/\\\/www.facebook.com\\\/photo?fbid=567558023283891&set=basw.Abp960-yDWiGNV0WyMocxK5nPf7QNXsEL0YreAWbHK-Zi5JuCuhneBWjEI-yl46YyWn0-jhppgFEAn3f_YsVQRNLC3m9wAZ8x9KrDaFkfontV3nhkMapNGxqpT9DtHQdguG2WoDko7URL9xaXKEz9aZn4RKDJrttjo2RXInekZBWLA&opaqueCursor=AbpGCtQS0Myztt4CrA4jsAJ-ZClgweX4frfXFFYPlTBjHlJcTpIYR7Zu19pLSCRjan5jDJw5Pt-lUB8UkfLLR9yra4vaxgMVWL9gtZCKY2iai0E24vb5E28LGlL8fNpl1YKlmVT_PAu1WsgyOSR2WahAD2Tlr3ZP-MsBTcPfg2tWUVqHpSfkVjAhpSbZgfTxhv7foMqW2oNwR9Qfjh6SEq0l35jXq6V4krd_nFAh1ZyRpjAVtveVYx5iTJWxZwKuBz001IyTYAjd4OhldGL_4fGWtETYDHcAYraXHqXqiK0XEseyOeyF4Gcs32sD6G3wPmwbBt39xA_0YODARh7v36u_5VJQwsCOS7dX9AJDu7HUAOMYAkyitciJk_s-ewvcRKqi_xfZ1x0X8wjsCWo4jz9HAdfLtRQGYufskYHb5tQbK04D-8lB7U6DoKJCJJEgc-xtDT6OAW4O-8fTgAmFHGRX1Ivxn3HIJtkXcOeYmHf0bwsNJJMckfpjRvoc_IVLfSANSNPuq4naTiEtFIXdLRBIxiE46TrsQCHp6gVQLcNWAIaj8FG1w0dIf427d0yrrwBwhUdhm4l3AIGMhLhGqJrYlBy12HMvQoGIJIqFes8ZgROp_n4idUJJdXfAnEZK7BD3vA1cQ7oxTIaX5LUb4SLuoHecAGgP4U3NGTVC_GrdzWc9RttavKoxotpNS59irxRC7PA3_K-eyYBmgcSFNaWTnhkdSWrpZlfJYFb1REIWKibKeaHGFuE7EM8vte35HN2FjYF-zZoFM4l8-iohnRqEgDcU9Z-qysk0WJT1fCYytw\",\"https:\\\/\\\/youtu.be\\\/HSir9dD-1No?feature=shared\"]}]}<\/script>\n<!-- \/ Yoast SEO plugin. -->","yoast_head_json":{"title":"B\u00f6llerregiment Hamburg - B\u00f6llerregiment Hamburg","robots":{"index":"index","follow":"follow","max-snippet":"max-snippet:-1","max-image-preview":"max-image-preview:large","max-video-preview":"max-video-preview:-1"},"canonical":"https:\/\/xn--bllerregiment-imb.de\/live\/","og_locale":"de_DE","og_type":"article","og_title":"B\u00f6llerregiment Hamburg - B\u00f6llerregiment Hamburg","og_description":"HOME\u00a0 \u00a0 \u00a0\u00dcBER UNS\u00a0 \u00a0TRADITION\u00a0 \u00a0 \u00a0B\u00d6LLER \u00a0 \u00a0VERANSTALTUNGEN\u00a0 \u00a0 KONTAKT \u00a0 FORMULARE\/ANTR\u00c4GE\u00a0 \u00a0MEDIEN\u00a0 \u00a0LINKS Herzlich willkommen auf der Homepage des B\u00f6llerregiment Hamburg von 2003. Hier informieren wir euch \u00fcber die langj\u00e4hrige Tradition des B\u00f6llerschie\u00dfens und teilen euch alle aktuellen Infos mit. Nehmt gerne mit uns Kontakt auf, um das B\u00f6llerregiment f\u00fcr eine eurer n\u00e4chsten [&hellip;]","og_url":"https:\/\/xn--bllerregiment-imb.de\/live\/","og_site_name":"B\u00f6llerregiment Hamburg","article_publisher":"https:\/\/www.facebook.com\/photo?fbid=567558023283891&set=basw.Abp960-yDWiGNV0WyMocxK5nPf7QNXsEL0YreAWbHK-Zi5JuCuhneBWjEI-yl46YyWn0-jhppgFEAn3f_YsVQRNLC3m9wAZ8x9KrDaFkfontV3nhkMapNGxqpT9DtHQdguG2WoDko7URL9xaXKEz9aZn4RKDJrttjo2RXInekZBWLA&opaqueCursor=AbpGCtQS0Myztt4CrA4jsAJ-ZClgweX4frfXFFYPlTBjHlJcTpIYR7Zu19pLSCRjan5jDJw5Pt-lUB8UkfLLR9yra4vaxgMVWL9gtZCKY2iai0E24vb5E28LGlL8fNpl1YKlmVT_PAu1WsgyOSR2WahAD2Tlr3ZP-MsBTcPfg2tWUVqHpSfkVjAhpSbZgfTxhv7foMqW2oNwR9Qfjh6SEq0l35jXq6V4krd_nFAh1ZyRpjAVtveVYx5iTJWxZwKuBz001IyTYAjd4OhldGL_4fGWtETYDHcAYraXHqXqiK0XEseyOeyF4Gcs32sD6G3wPmwbBt39xA_0YODARh7v36u_5VJQwsCOS7dX9AJDu7HUAOMYAkyitciJk_s-ewvcRKqi_xfZ1x0X8wjsCWo4jz9HAdfLtRQGYufskYHb5tQbK04D-8lB7U6DoKJCJJEgc-xtDT6OAW4O-8fTgAmFHGRX1Ivxn3HIJtkXcOeYmHf0bwsNJJMckfpjRvoc_IVLfSANSNPuq4naTiEtFIXdLRBIxiE46TrsQCHp6gVQLcNWAIaj8FG1w0dIf427d0yrrwBwhUdhm4l3AIGMhLhGqJrYlBy12HMvQoGIJIqFes8ZgROp_n4idUJJdXfAnEZK7BD3vA1cQ7oxTIaX5LUb4SLuoHecAGgP4U3NGTVC_GrdzWc9RttavKoxotpNS59irxRC7PA3_K-eyYBmgcSFNaWTnhkdSWrpZlfJYFb1REIWKibKeaHGFuE7EM8vte35HN2FjYF-zZoFM4l8-iohnRqEgDcU9Z-qysk0WJT1fCYytw","article_modified_time":"2025-01-03T11:02:38+00:00","og_image":[{"width":1920,"height":128,"url":"https:\/\/xn--bllerregiment-imb.de\/live\/wp-content\/uploads\/2024\/01\/titelneu6.jpg","type":"image\/jpeg"}],"twitter_card":"summary_large_image","twitter_misc":{"Gesch\u00e4tzte Lesezeit":"2\u00a0Minuten"},"schema":{"@context":"https:\/\/schema.org","@graph":[{"@type":"WebPage","@id":"https:\/\/xn--bllerregiment-imb.de\/live\/","url":"https:\/\/xn--bllerregiment-imb.de\/live\/","name":"B\u00f6llerregiment Hamburg - B\u00f6llerregiment Hamburg","isPartOf":{"@id":"https:\/\/xn--bllerregiment-imb.de\/live\/#website"},"primaryImageOfPage":{"@id":"https:\/\/xn--bllerregiment-imb.de\/live\/#primaryimage"},"image":{"@id":"https:\/\/xn--bllerregiment-imb.de\/live\/#primaryimage"},"thumbnailUrl":"https:\/\/xn--bllerregiment-imb.de\/live\/wp-content\/uploads\/2024\/01\/titelneu6.jpg","datePublished":"2024-01-23T07:50:20+00:00","dateModified":"2025-01-03T11:02:38+00:00","breadcrumb":{"@id":"https:\/\/xn--bllerregiment-imb.de\/live\/#breadcrumb"},"inLanguage":"de","potentialAction":[{"@type":"ReadAction","target":["https:\/\/xn--bllerregiment-imb.de\/live\/"]}]},{"@type":"ImageObject","inLanguage":"de","@id":"https:\/\/xn--bllerregiment-imb.de\/live\/#primaryimage","url":"https:\/\/xn--bllerregiment-imb.de\/live\/wp-content\/uploads\/2024\/01\/titelneu6.jpg","contentUrl":"https:\/\/xn--bllerregiment-imb.de\/live\/wp-content\/uploads\/2024\/01\/titelneu6.jpg","width":1920,"height":128},{"@type":"BreadcrumbList","@id":"https:\/\/xn--bllerregiment-imb.de\/live\/#breadcrumb","itemListElement":[{"@type":"ListItem","position":1,"name":"Startseite","item":"https:\/\/xn--bllerregiment-imb.de\/live\/"},{"@type":"ListItem","position":2,"name":"B\u00f6llerregiment Hamburg"}]},{"@type":"WebSite","@id":"https:\/\/xn--bllerregiment-imb.de\/live\/#website","url":"https:\/\/xn--bllerregiment-imb.de\/live\/","name":"B\u00f6llerregiment Hamburg","description":"Jetzt knallts richtig!","publisher":{"@id":"https:\/\/xn--bllerregiment-imb.de\/live\/#organization"},"alternateName":"B\u00f6llerregiment.de","potentialAction":[{"@type":"SearchAction","target":{"@type":"EntryPoint","urlTemplate":"https:\/\/xn--bllerregiment-imb.de\/live\/?s={search_term_string}"},"query-input":{"@type":"PropertyValueSpecification","valueRequired":true,"valueName":"search_term_string"}}],"inLanguage":"de"},{"@type":"Organization","@id":"https:\/\/xn--bllerregiment-imb.de\/live\/#organization","name":"B\u00f6llerregiment Hamburg","alternateName":"Hamburger B\u00f6llerregiment","url":"https:\/\/xn--bllerregiment-imb.de\/live\/","logo":{"@type":"ImageObject","inLanguage":"de","@id":"https:\/\/xn--bllerregiment-imb.de\/live\/#\/schema\/logo\/image\/","url":"https:\/\/xn--bllerregiment-imb.de\/live\/wp-content\/uploads\/2023\/12\/cropped-Logo_Bllerregiment.jpg","contentUrl":"https:\/\/xn--bllerregiment-imb.de\/live\/wp-content\/uploads\/2023\/12\/cropped-Logo_Bllerregiment.jpg","width":1626,"height":2133,"caption":"B\u00f6llerregiment Hamburg"},"image":{"@id":"https:\/\/xn--bllerregiment-imb.de\/live\/#\/schema\/logo\/image\/"},"sameAs":["https:\/\/www.facebook.com\/photo?fbid=567558023283891&set=basw.Abp960-yDWiGNV0WyMocxK5nPf7QNXsEL0YreAWbHK-Zi5JuCuhneBWjEI-yl46YyWn0-jhppgFEAn3f_YsVQRNLC3m9wAZ8x9KrDaFkfontV3nhkMapNGxqpT9DtHQdguG2WoDko7URL9xaXKEz9aZn4RKDJrttjo2RXInekZBWLA&opaqueCursor=AbpGCtQS0Myztt4CrA4jsAJ-ZClgweX4frfXFFYPlTBjHlJcTpIYR7Zu19pLSCRjan5jDJw5Pt-lUB8UkfLLR9yra4vaxgMVWL9gtZCKY2iai0E24vb5E28LGlL8fNpl1YKlmVT_PAu1WsgyOSR2WahAD2Tlr3ZP-MsBTcPfg2tWUVqHpSfkVjAhpSbZgfTxhv7foMqW2oNwR9Qfjh6SEq0l35jXq6V4krd_nFAh1ZyRpjAVtveVYx5iTJWxZwKuBz001IyTYAjd4OhldGL_4fGWtETYDHcAYraXHqXqiK0XEseyOeyF4Gcs32sD6G3wPmwbBt39xA_0YODARh7v36u_5VJQwsCOS7dX9AJDu7HUAOMYAkyitciJk_s-ewvcRKqi_xfZ1x0X8wjsCWo4jz9HAdfLtRQGYufskYHb5tQbK04D-8lB7U6DoKJCJJEgc-xtDT6OAW4O-8fTgAmFHGRX1Ivxn3HIJtkXcOeYmHf0bwsNJJMckfpjRvoc_IVLfSANSNPuq4naTiEtFIXdLRBIxiE46TrsQCHp6gVQLcNWAIaj8FG1w0dIf427d0yrrwBwhUdhm4l3AIGMhLhGqJrYlBy12HMvQoGIJIqFes8ZgROp_n4idUJJdXfAnEZK7BD3vA1cQ7oxTIaX5LUb4SLuoHecAGgP4U3NGTVC_GrdzWc9RttavKoxotpNS59irxRC7PA3_K-eyYBmgcSFNaWTnhkdSWrpZlfJYFb1REIWKibKeaHGFuE7EM8vte35HN2FjYF-zZoFM4l8-iohnRqEgDcU9Z-qysk0WJT1fCYytw","https:\/\/youtu.be\/HSir9dD-1No?feature=shared"]}]}},"_links":{"self":[{"href":"https:\/\/xn--bllerregiment-imb.de\/live\/wp-json\/wp\/v2\/pages\/311","targetHints":{"allow":["GET"]}}],"collection":[{"href":"https:\/\/xn--bllerregiment-imb.de\/live\/wp-json\/wp\/v2\/pages"}],"about":[{"href":"https:\/\/xn--bllerregiment-imb.de\/live\/wp-json\/wp\/v2\/types\/page"}],"author":[{"embeddable":true,"href":"https:\/\/xn--bllerregiment-imb.de\/live\/wp-json\/wp\/v2\/users\/1"}],"replies":[{"embeddable":true,"href":"https:\/\/xn--bllerregiment-imb.de\/live\/wp-json\/wp\/v2\/comments?post=311"}],"version-history":[{"count":36,"href":"https:\/\/xn--bllerregiment-imb.de\/live\/wp-json\/wp\/v2\/pages\/311\/revisions"}],"predecessor-version":[{"id":636,"href":"https:\/\/xn--bllerregiment-imb.de\/live\/wp-json\/wp\/v2\/pages\/311\/revisions\/636"}],"wp:attachment":[{"href":"https:\/\/xn--bllerregiment-imb.de\/live\/wp-json\/wp\/v2\/media?parent=311"}],"curies":[{"name":"wp","href":"https:\/\/api.w.org\/{rel}","templated":true}]}}