{"id":562,"date":"2024-03-09T21:17:19","date_gmt":"2024-03-09T20:17:19","guid":{"rendered":"https:\/\/xn--bllerregiment-imb.de\/live\/?page_id=562"},"modified":"2024-07-04T19:17:37","modified_gmt":"2024-07-04T18:17:37","slug":"medien-und-mitschnitte","status":"publish","type":"page","link":"https:\/\/xn--bllerregiment-imb.de\/live\/medien-und-mitschnitte\/","title":{"rendered":"Medien und Mitschnitte"},"content":{"rendered":"<p style=\"text-align: center;\"><img loading=\"lazy\" decoding=\"async\" class=\"alignnone size-full wp-image-476\" src=\"https:\/\/xn--bllerregiment-imb.de\/live\/wp-content\/uploads\/2024\/01\/titelneu6.jpg\" alt=\"\" width=\"1920\" height=\"128\" srcset=\"https:\/\/xn--bllerregiment-imb.de\/live\/wp-content\/uploads\/2024\/01\/titelneu6.jpg 1920w, https:\/\/xn--bllerregiment-imb.de\/live\/wp-content\/uploads\/2024\/01\/titelneu6-300x20.jpg 300w, https:\/\/xn--bllerregiment-imb.de\/live\/wp-content\/uploads\/2024\/01\/titelneu6-1024x68.jpg 1024w, https:\/\/xn--bllerregiment-imb.de\/live\/wp-content\/uploads\/2024\/01\/titelneu6-768x51.jpg 768w, https:\/\/xn--bllerregiment-imb.de\/live\/wp-content\/uploads\/2024\/01\/titelneu6-1536x102.jpg 1536w\" sizes=\"auto, (max-width: 1920px) 100vw, 1920px\" \/><\/p>\n<p style=\"text-align: center;\"><span style=\"font-family: verdana, geneva; font-size: 16px;\"><strong><span style=\"font-family: arial, helvetica, sans-serif;\"><a href=\"https:\/\/b\u00f6llerregiment.de\/live\/ueber-uns\/boellerregiment-hamburg\/\">HOME<\/a>\u00a0 \u00a0 \u00a0<a href=\"https:\/\/b\u00f6llerregiment.de\/live\/ueber-uns\/\">\u00dcBER UNS<\/a>\u00a0 \u00a0<a href=\"https:\/\/b\u00f6llerregiment.de\/live\/tradition-des-boellerns\/\">TRADITION<\/a>\u00a0 \u00a0 \u00a0<a href=\"https:\/\/b\u00f6llerregiment.de\/live\/ueber-uns\/boeller\/\">B\u00d6LLER<\/a> \u00a0 \u00a0<a href=\"https:\/\/b\u00f6llerregiment.de\/live\/veranstaltungen\/\">VERANSTALTUNGEN<\/a>\u00a0 \u00a0 <a href=\"https:\/\/b\u00f6llerregiment.de\/live\/kontakt\/\">KONTAKT<\/a> \u00a0 <a href=\"https:\/\/b\u00f6llerregiment.de\/live\/ueber-uns\/formulare-antraege\/\">FORMULARE\/ANTR\u00c4GE<\/a>\u00a0 \u00a0<a href=\"https:\/\/b\u00f6llerregiment.de\/live\/medien-und-mitschnitte\/\">MEDIEN<\/a>\u00a0 \u00a0<\/span><\/strong><\/span><span style=\"font-family: arial, helvetica, sans-serif;\"><strong><a href=\"https:\/\/b\u00f6llerregiment.de\/live\/links-und-externe-infos\/\"><span style=\"font-size: 14px;\"><span style=\"font-size: 16px;\">LINKS<\/span><\/span><\/a><\/strong><\/span><\/p>\n<p style=\"text-align: center;\"><span style=\"font-family: helvetica;\"><span style=\"font-size: 17px;\">Hier findet ihr Mitschnitte von Veranstaltungen, Medien und AV Material<br \/>\n\u00a9 2024 B\u00f6llerregiment.de alle Rechte vorbehalten<\/span><\/span><\/p>\n<p style=\"text-align: justify;\"><strong><span style=\"font-family: helvetica;\">Anb\u00f6llern in Hollenstedt vom 9.3.2024<br \/>\n<\/span><\/strong><span style=\"font-family: helvetica;\">Das Anb\u00f6llern hat begonnen! Bei zwar k\u00fchlem aber kaiserlichem Wetter versammelten sich im Sch\u00fctzenhaus Hollenstedt 35 Aktive zum Start in die B\u00f6llersaison 2024. Dank Olafs gewissenhafter Planung und der hervorragenden Gastfreundschaft der Sch\u00fctzenkameradschaft in Hollenstedt entstand unter der Weisung Dieters ein lautstarker und kreativ orchestrierter Salutdonnerhall, der sogar in Moisburg noch deutlich zu h\u00f6ren sein mochte (!). Allen Mitmachenden und Beiwohnenden im Namen des Regiments einen herzlichen Dank f\u00fcr den gelungenen Prolog.<\/span><\/p>\n<p style=\"text-align: center;\"><figure class=\"wp-block-embed wp-block-embed-youtube is-type-video is-provider-youtube epyt-figure\"><div class=\"wp-block-embed__wrapper\"><iframe loading=\"lazy\"  style=\"display: block; margin: 0px auto;\"  id=\"_ytid_96609\"  width=\"800\" height=\"450\"  data-origwidth=\"800\" data-origheight=\"450\" src=\"https:\/\/www.youtube.com\/embed\/HSir9dD-1No?enablejsapi=1&autoplay=0&cc_load_policy=0&cc_lang_pref=&iv_load_policy=1&loop=0&rel=1&fs=1&playsinline=0&autohide=2&theme=dark&color=red&controls=1&disablekb=0&\" class=\"__youtube_prefs__  no-lazyload\" title=\"YouTube player\"  allow=\"fullscreen; accelerometer; autoplay; clipboard-write; encrypted-media; gyroscope; picture-in-picture; web-share\" referrerpolicy=\"strict-origin-when-cross-origin\" allowfullscreen data-no-lazy=\"1\" data-skipgform_ajax_framebjll=\"\"><\/iframe><\/div><\/figure><\/p>\n<p><strong><span style=\"font-family: helvetica;\">Sch\u00fctzenfest Pattensen vom 15.6.2024<br \/>\n<\/span><\/strong><span style=\"font-family: helvetica;\">(Inhalt wurde auf Wunsch des Vorstandes entfernt)\u00a0<\/span><\/p>\n<p><span style=\"font-family: arial, helvetica, sans-serif; font-size: 10px;\">(Videos: \u00a9 2024 Heide Oswald, Schnitt: B\u00f6llerregiment.de)<\/span><\/p>\n<p>&nbsp;<\/p>\n<p>&nbsp;<\/p>\n<p style=\"text-align: center;\"><img loading=\"lazy\" decoding=\"async\" class=\"alignnone wp-image-289\" src=\"https:\/\/xn--bllerregiment-imb.de\/live\/wp-content\/uploads\/2023\/12\/cropped-Logo_Bllerregiment-229x300.jpg\" alt=\"\" width=\"114\" height=\"149\" srcset=\"https:\/\/xn--bllerregiment-imb.de\/live\/wp-content\/uploads\/2023\/12\/cropped-Logo_Bllerregiment-229x300.jpg 229w, https:\/\/xn--bllerregiment-imb.de\/live\/wp-content\/uploads\/2023\/12\/cropped-Logo_Bllerregiment-781x1024.jpg 781w, https:\/\/xn--bllerregiment-imb.de\/live\/wp-content\/uploads\/2023\/12\/cropped-Logo_Bllerregiment-768x1007.jpg 768w, https:\/\/xn--bllerregiment-imb.de\/live\/wp-content\/uploads\/2023\/12\/cropped-Logo_Bllerregiment-1171x1536.jpg 1171w, https:\/\/xn--bllerregiment-imb.de\/live\/wp-content\/uploads\/2023\/12\/cropped-Logo_Bllerregiment-1561x2048.jpg 1561w, https:\/\/xn--bllerregiment-imb.de\/live\/wp-content\/uploads\/2023\/12\/cropped-Logo_Bllerregiment-300x394.jpg 300w, https:\/\/xn--bllerregiment-imb.de\/live\/wp-content\/uploads\/2023\/12\/cropped-Logo_Bllerregiment-850x1115.jpg 850w, https:\/\/xn--bllerregiment-imb.de\/live\/wp-content\/uploads\/2023\/12\/cropped-Logo_Bllerregiment.jpg 1626w\" sizes=\"auto, (max-width: 114px) 100vw, 114px\" \/><\/p>\n<p><!--more--><\/p>\n<p><span style=\"font-size: 12px;\"><br \/>\nDesign and consulting \u00a92024 Britishmanagement.com<\/span><\/p>\n","protected":false},"excerpt":{"rendered":"<p>HOME\u00a0 \u00a0 \u00a0\u00dcBER UNS\u00a0 \u00a0TRADITION\u00a0 \u00a0 \u00a0B\u00d6LLER \u00a0 \u00a0VERANSTALTUNGEN\u00a0 \u00a0 KONTAKT \u00a0 FORMULARE\/ANTR\u00c4GE\u00a0 \u00a0MEDIEN\u00a0 \u00a0LINKS Hier findet ihr Mitschnitte von Veranstaltungen, Medien und AV Material \u00a9 2024 B\u00f6llerregiment.de alle Rechte vorbehalten Anb\u00f6llern in Hollenstedt vom 9.3.2024 Das Anb\u00f6llern hat begonnen! Bei zwar k\u00fchlem aber kaiserlichem Wetter versammelten sich im Sch\u00fctzenhaus Hollenstedt 35 Aktive zum Start [&hellip;]<\/p>\n","protected":false},"author":1,"featured_media":0,"parent":0,"menu_order":0,"comment_status":"closed","ping_status":"closed","template":"blank","meta":{"footnotes":""},"class_list":["post-562","page","type-page","status-publish","hentry"],"yoast_head":"<!-- This site is optimized with the Yoast SEO plugin v27.5 - https:\/\/yoast.com\/product\/yoast-seo-wordpress\/ -->\n<title>Medien und Mitschnitte - B\u00f6llerregiment Hamburg<\/title>\n<meta name=\"robots\" content=\"index, follow, max-snippet:-1, max-image-preview:large, max-video-preview:-1\" \/>\n<link rel=\"canonical\" href=\"https:\/\/xn--bllerregiment-imb.de\/live\/medien-und-mitschnitte\/\" \/>\n<meta property=\"og:locale\" content=\"de_DE\" \/>\n<meta property=\"og:type\" content=\"article\" \/>\n<meta property=\"og:title\" content=\"Medien und Mitschnitte - B\u00f6llerregiment Hamburg\" \/>\n<meta property=\"og:description\" content=\"HOME\u00a0 \u00a0 \u00a0\u00dcBER UNS\u00a0 \u00a0TRADITION\u00a0 \u00a0 \u00a0B\u00d6LLER \u00a0 \u00a0VERANSTALTUNGEN\u00a0 \u00a0 KONTAKT \u00a0 FORMULARE\/ANTR\u00c4GE\u00a0 \u00a0MEDIEN\u00a0 \u00a0LINKS Hier findet ihr Mitschnitte von Veranstaltungen, Medien und AV Material \u00a9 2024 B\u00f6llerregiment.de alle Rechte vorbehalten Anb\u00f6llern in Hollenstedt vom 9.3.2024 Das Anb\u00f6llern hat begonnen! Bei zwar k\u00fchlem aber kaiserlichem Wetter versammelten sich im Sch\u00fctzenhaus Hollenstedt 35 Aktive zum Start [&hellip;]\" \/>\n<meta property=\"og:url\" content=\"https:\/\/xn--bllerregiment-imb.de\/live\/medien-und-mitschnitte\/\" \/>\n<meta property=\"og:site_name\" content=\"B\u00f6llerregiment Hamburg\" \/>\n<meta property=\"article:publisher\" content=\"https:\/\/www.facebook.com\/photo?fbid=567558023283891&amp;set=basw.Abp960-yDWiGNV0WyMocxK5nPf7QNXsEL0YreAWbHK-Zi5JuCuhneBWjEI-yl46YyWn0-jhppgFEAn3f_YsVQRNLC3m9wAZ8x9KrDaFkfontV3nhkMapNGxqpT9DtHQdguG2WoDko7URL9xaXKEz9aZn4RKDJrttjo2RXInekZBWLA&amp;opaqueCursor=AbpGCtQS0Myztt4CrA4jsAJ-ZClgweX4frfXFFYPlTBjHlJcTpIYR7Zu19pLSCRjan5jDJw5Pt-lUB8UkfLLR9yra4vaxgMVWL9gtZCKY2iai0E24vb5E28LGlL8fNpl1YKlmVT_PAu1WsgyOSR2WahAD2Tlr3ZP-MsBTcPfg2tWUVqHpSfkVjAhpSbZgfTxhv7foMqW2oNwR9Qfjh6SEq0l35jXq6V4krd_nFAh1ZyRpjAVtveVYx5iTJWxZwKuBz001IyTYAjd4OhldGL_4fGWtETYDHcAYraXHqXqiK0XEseyOeyF4Gcs32sD6G3wPmwbBt39xA_0YODARh7v36u_5VJQwsCOS7dX9AJDu7HUAOMYAkyitciJk_s-ewvcRKqi_xfZ1x0X8wjsCWo4jz9HAdfLtRQGYufskYHb5tQbK04D-8lB7U6DoKJCJJEgc-xtDT6OAW4O-8fTgAmFHGRX1Ivxn3HIJtkXcOeYmHf0bwsNJJMckfpjRvoc_IVLfSANSNPuq4naTiEtFIXdLRBIxiE46TrsQCHp6gVQLcNWAIaj8FG1w0dIf427d0yrrwBwhUdhm4l3AIGMhLhGqJrYlBy12HMvQoGIJIqFes8ZgROp_n4idUJJdXfAnEZK7BD3vA1cQ7oxTIaX5LUb4SLuoHecAGgP4U3NGTVC_GrdzWc9RttavKoxotpNS59irxRC7PA3_K-eyYBmgcSFNaWTnhkdSWrpZlfJYFb1REIWKibKeaHGFuE7EM8vte35HN2FjYF-zZoFM4l8-iohnRqEgDcU9Z-qysk0WJT1fCYytw\" \/>\n<meta property=\"article:modified_time\" content=\"2024-07-04T18:17:37+00:00\" \/>\n<meta property=\"og:image\" content=\"https:\/\/xn--bllerregiment-imb.de\/live\/wp-content\/uploads\/2024\/01\/titelneu6.jpg\" \/>\n<meta name=\"twitter:card\" content=\"summary_large_image\" \/>\n<meta name=\"twitter:label1\" content=\"Gesch\u00e4tzte Lesezeit\" \/>\n\t<meta name=\"twitter:data1\" content=\"2\u00a0Minuten\" \/>\n<script type=\"application\/ld+json\" class=\"yoast-schema-graph\">{\"@context\":\"https:\\\/\\\/schema.org\",\"@graph\":[{\"@type\":\"WebPage\",\"@id\":\"https:\\\/\\\/xn--bllerregiment-imb.de\\\/live\\\/medien-und-mitschnitte\\\/\",\"url\":\"https:\\\/\\\/xn--bllerregiment-imb.de\\\/live\\\/medien-und-mitschnitte\\\/\",\"name\":\"Medien und Mitschnitte - B\u00f6llerregiment Hamburg\",\"isPartOf\":{\"@id\":\"https:\\\/\\\/xn--bllerregiment-imb.de\\\/live\\\/#website\"},\"primaryImageOfPage\":{\"@id\":\"https:\\\/\\\/xn--bllerregiment-imb.de\\\/live\\\/medien-und-mitschnitte\\\/#primaryimage\"},\"image\":{\"@id\":\"https:\\\/\\\/xn--bllerregiment-imb.de\\\/live\\\/medien-und-mitschnitte\\\/#primaryimage\"},\"thumbnailUrl\":\"https:\\\/\\\/xn--bllerregiment-imb.de\\\/live\\\/wp-content\\\/uploads\\\/2024\\\/01\\\/titelneu6.jpg\",\"datePublished\":\"2024-03-09T20:17:19+00:00\",\"dateModified\":\"2024-07-04T18:17:37+00:00\",\"breadcrumb\":{\"@id\":\"https:\\\/\\\/xn--bllerregiment-imb.de\\\/live\\\/medien-und-mitschnitte\\\/#breadcrumb\"},\"inLanguage\":\"de\",\"potentialAction\":[{\"@type\":\"ReadAction\",\"target\":[\"https:\\\/\\\/xn--bllerregiment-imb.de\\\/live\\\/medien-und-mitschnitte\\\/\"]}]},{\"@type\":\"ImageObject\",\"inLanguage\":\"de\",\"@id\":\"https:\\\/\\\/xn--bllerregiment-imb.de\\\/live\\\/medien-und-mitschnitte\\\/#primaryimage\",\"url\":\"https:\\\/\\\/xn--bllerregiment-imb.de\\\/live\\\/wp-content\\\/uploads\\\/2024\\\/01\\\/titelneu6.jpg\",\"contentUrl\":\"https:\\\/\\\/xn--bllerregiment-imb.de\\\/live\\\/wp-content\\\/uploads\\\/2024\\\/01\\\/titelneu6.jpg\",\"width\":1920,\"height\":128},{\"@type\":\"BreadcrumbList\",\"@id\":\"https:\\\/\\\/xn--bllerregiment-imb.de\\\/live\\\/medien-und-mitschnitte\\\/#breadcrumb\",\"itemListElement\":[{\"@type\":\"ListItem\",\"position\":1,\"name\":\"Startseite\",\"item\":\"https:\\\/\\\/xn--bllerregiment-imb.de\\\/live\\\/\"},{\"@type\":\"ListItem\",\"position\":2,\"name\":\"Medien und Mitschnitte\"}]},{\"@type\":\"WebSite\",\"@id\":\"https:\\\/\\\/xn--bllerregiment-imb.de\\\/live\\\/#website\",\"url\":\"https:\\\/\\\/xn--bllerregiment-imb.de\\\/live\\\/\",\"name\":\"B\u00f6llerregiment Hamburg\",\"description\":\"Jetzt knallts richtig!\",\"publisher\":{\"@id\":\"https:\\\/\\\/xn--bllerregiment-imb.de\\\/live\\\/#organization\"},\"alternateName\":\"B\u00f6llerregiment.de\",\"potentialAction\":[{\"@type\":\"SearchAction\",\"target\":{\"@type\":\"EntryPoint\",\"urlTemplate\":\"https:\\\/\\\/xn--bllerregiment-imb.de\\\/live\\\/?s={search_term_string}\"},\"query-input\":{\"@type\":\"PropertyValueSpecification\",\"valueRequired\":true,\"valueName\":\"search_term_string\"}}],\"inLanguage\":\"de\"},{\"@type\":\"Organization\",\"@id\":\"https:\\\/\\\/xn--bllerregiment-imb.de\\\/live\\\/#organization\",\"name\":\"B\u00f6llerregiment Hamburg\",\"alternateName\":\"Hamburger B\u00f6llerregiment\",\"url\":\"https:\\\/\\\/xn--bllerregiment-imb.de\\\/live\\\/\",\"logo\":{\"@type\":\"ImageObject\",\"inLanguage\":\"de\",\"@id\":\"https:\\\/\\\/xn--bllerregiment-imb.de\\\/live\\\/#\\\/schema\\\/logo\\\/image\\\/\",\"url\":\"https:\\\/\\\/xn--bllerregiment-imb.de\\\/live\\\/wp-content\\\/uploads\\\/2023\\\/12\\\/cropped-Logo_Bllerregiment.jpg\",\"contentUrl\":\"https:\\\/\\\/xn--bllerregiment-imb.de\\\/live\\\/wp-content\\\/uploads\\\/2023\\\/12\\\/cropped-Logo_Bllerregiment.jpg\",\"width\":1626,\"height\":2133,\"caption\":\"B\u00f6llerregiment Hamburg\"},\"image\":{\"@id\":\"https:\\\/\\\/xn--bllerregiment-imb.de\\\/live\\\/#\\\/schema\\\/logo\\\/image\\\/\"},\"sameAs\":[\"https:\\\/\\\/www.facebook.com\\\/photo?fbid=567558023283891&set=basw.Abp960-yDWiGNV0WyMocxK5nPf7QNXsEL0YreAWbHK-Zi5JuCuhneBWjEI-yl46YyWn0-jhppgFEAn3f_YsVQRNLC3m9wAZ8x9KrDaFkfontV3nhkMapNGxqpT9DtHQdguG2WoDko7URL9xaXKEz9aZn4RKDJrttjo2RXInekZBWLA&opaqueCursor=AbpGCtQS0Myztt4CrA4jsAJ-ZClgweX4frfXFFYPlTBjHlJcTpIYR7Zu19pLSCRjan5jDJw5Pt-lUB8UkfLLR9yra4vaxgMVWL9gtZCKY2iai0E24vb5E28LGlL8fNpl1YKlmVT_PAu1WsgyOSR2WahAD2Tlr3ZP-MsBTcPfg2tWUVqHpSfkVjAhpSbZgfTxhv7foMqW2oNwR9Qfjh6SEq0l35jXq6V4krd_nFAh1ZyRpjAVtveVYx5iTJWxZwKuBz001IyTYAjd4OhldGL_4fGWtETYDHcAYraXHqXqiK0XEseyOeyF4Gcs32sD6G3wPmwbBt39xA_0YODARh7v36u_5VJQwsCOS7dX9AJDu7HUAOMYAkyitciJk_s-ewvcRKqi_xfZ1x0X8wjsCWo4jz9HAdfLtRQGYufskYHb5tQbK04D-8lB7U6DoKJCJJEgc-xtDT6OAW4O-8fTgAmFHGRX1Ivxn3HIJtkXcOeYmHf0bwsNJJMckfpjRvoc_IVLfSANSNPuq4naTiEtFIXdLRBIxiE46TrsQCHp6gVQLcNWAIaj8FG1w0dIf427d0yrrwBwhUdhm4l3AIGMhLhGqJrYlBy12HMvQoGIJIqFes8ZgROp_n4idUJJdXfAnEZK7BD3vA1cQ7oxTIaX5LUb4SLuoHecAGgP4U3NGTVC_GrdzWc9RttavKoxotpNS59irxRC7PA3_K-eyYBmgcSFNaWTnhkdSWrpZlfJYFb1REIWKibKeaHGFuE7EM8vte35HN2FjYF-zZoFM4l8-iohnRqEgDcU9Z-qysk0WJT1fCYytw\",\"https:\\\/\\\/youtu.be\\\/HSir9dD-1No?feature=shared\"]}]}<\/script>\n<!-- \/ Yoast SEO plugin. -->","yoast_head_json":{"title":"Medien und Mitschnitte - B\u00f6llerregiment Hamburg","robots":{"index":"index","follow":"follow","max-snippet":"max-snippet:-1","max-image-preview":"max-image-preview:large","max-video-preview":"max-video-preview:-1"},"canonical":"https:\/\/xn--bllerregiment-imb.de\/live\/medien-und-mitschnitte\/","og_locale":"de_DE","og_type":"article","og_title":"Medien und Mitschnitte - B\u00f6llerregiment Hamburg","og_description":"HOME\u00a0 \u00a0 \u00a0\u00dcBER UNS\u00a0 \u00a0TRADITION\u00a0 \u00a0 \u00a0B\u00d6LLER \u00a0 \u00a0VERANSTALTUNGEN\u00a0 \u00a0 KONTAKT \u00a0 FORMULARE\/ANTR\u00c4GE\u00a0 \u00a0MEDIEN\u00a0 \u00a0LINKS Hier findet ihr Mitschnitte von Veranstaltungen, Medien und AV Material \u00a9 2024 B\u00f6llerregiment.de alle Rechte vorbehalten Anb\u00f6llern in Hollenstedt vom 9.3.2024 Das Anb\u00f6llern hat begonnen! Bei zwar k\u00fchlem aber kaiserlichem Wetter versammelten sich im Sch\u00fctzenhaus Hollenstedt 35 Aktive zum Start [&hellip;]","og_url":"https:\/\/xn--bllerregiment-imb.de\/live\/medien-und-mitschnitte\/","og_site_name":"B\u00f6llerregiment Hamburg","article_publisher":"https:\/\/www.facebook.com\/photo?fbid=567558023283891&set=basw.Abp960-yDWiGNV0WyMocxK5nPf7QNXsEL0YreAWbHK-Zi5JuCuhneBWjEI-yl46YyWn0-jhppgFEAn3f_YsVQRNLC3m9wAZ8x9KrDaFkfontV3nhkMapNGxqpT9DtHQdguG2WoDko7URL9xaXKEz9aZn4RKDJrttjo2RXInekZBWLA&opaqueCursor=AbpGCtQS0Myztt4CrA4jsAJ-ZClgweX4frfXFFYPlTBjHlJcTpIYR7Zu19pLSCRjan5jDJw5Pt-lUB8UkfLLR9yra4vaxgMVWL9gtZCKY2iai0E24vb5E28LGlL8fNpl1YKlmVT_PAu1WsgyOSR2WahAD2Tlr3ZP-MsBTcPfg2tWUVqHpSfkVjAhpSbZgfTxhv7foMqW2oNwR9Qfjh6SEq0l35jXq6V4krd_nFAh1ZyRpjAVtveVYx5iTJWxZwKuBz001IyTYAjd4OhldGL_4fGWtETYDHcAYraXHqXqiK0XEseyOeyF4Gcs32sD6G3wPmwbBt39xA_0YODARh7v36u_5VJQwsCOS7dX9AJDu7HUAOMYAkyitciJk_s-ewvcRKqi_xfZ1x0X8wjsCWo4jz9HAdfLtRQGYufskYHb5tQbK04D-8lB7U6DoKJCJJEgc-xtDT6OAW4O-8fTgAmFHGRX1Ivxn3HIJtkXcOeYmHf0bwsNJJMckfpjRvoc_IVLfSANSNPuq4naTiEtFIXdLRBIxiE46TrsQCHp6gVQLcNWAIaj8FG1w0dIf427d0yrrwBwhUdhm4l3AIGMhLhGqJrYlBy12HMvQoGIJIqFes8ZgROp_n4idUJJdXfAnEZK7BD3vA1cQ7oxTIaX5LUb4SLuoHecAGgP4U3NGTVC_GrdzWc9RttavKoxotpNS59irxRC7PA3_K-eyYBmgcSFNaWTnhkdSWrpZlfJYFb1REIWKibKeaHGFuE7EM8vte35HN2FjYF-zZoFM4l8-iohnRqEgDcU9Z-qysk0WJT1fCYytw","article_modified_time":"2024-07-04T18:17:37+00:00","og_image":[{"url":"https:\/\/xn--bllerregiment-imb.de\/live\/wp-content\/uploads\/2024\/01\/titelneu6.jpg","type":"","width":"","height":""}],"twitter_card":"summary_large_image","twitter_misc":{"Gesch\u00e4tzte Lesezeit":"2\u00a0Minuten"},"schema":{"@context":"https:\/\/schema.org","@graph":[{"@type":"WebPage","@id":"https:\/\/xn--bllerregiment-imb.de\/live\/medien-und-mitschnitte\/","url":"https:\/\/xn--bllerregiment-imb.de\/live\/medien-und-mitschnitte\/","name":"Medien und Mitschnitte - B\u00f6llerregiment Hamburg","isPartOf":{"@id":"https:\/\/xn--bllerregiment-imb.de\/live\/#website"},"primaryImageOfPage":{"@id":"https:\/\/xn--bllerregiment-imb.de\/live\/medien-und-mitschnitte\/#primaryimage"},"image":{"@id":"https:\/\/xn--bllerregiment-imb.de\/live\/medien-und-mitschnitte\/#primaryimage"},"thumbnailUrl":"https:\/\/xn--bllerregiment-imb.de\/live\/wp-content\/uploads\/2024\/01\/titelneu6.jpg","datePublished":"2024-03-09T20:17:19+00:00","dateModified":"2024-07-04T18:17:37+00:00","breadcrumb":{"@id":"https:\/\/xn--bllerregiment-imb.de\/live\/medien-und-mitschnitte\/#breadcrumb"},"inLanguage":"de","potentialAction":[{"@type":"ReadAction","target":["https:\/\/xn--bllerregiment-imb.de\/live\/medien-und-mitschnitte\/"]}]},{"@type":"ImageObject","inLanguage":"de","@id":"https:\/\/xn--bllerregiment-imb.de\/live\/medien-und-mitschnitte\/#primaryimage","url":"https:\/\/xn--bllerregiment-imb.de\/live\/wp-content\/uploads\/2024\/01\/titelneu6.jpg","contentUrl":"https:\/\/xn--bllerregiment-imb.de\/live\/wp-content\/uploads\/2024\/01\/titelneu6.jpg","width":1920,"height":128},{"@type":"BreadcrumbList","@id":"https:\/\/xn--bllerregiment-imb.de\/live\/medien-und-mitschnitte\/#breadcrumb","itemListElement":[{"@type":"ListItem","position":1,"name":"Startseite","item":"https:\/\/xn--bllerregiment-imb.de\/live\/"},{"@type":"ListItem","position":2,"name":"Medien und Mitschnitte"}]},{"@type":"WebSite","@id":"https:\/\/xn--bllerregiment-imb.de\/live\/#website","url":"https:\/\/xn--bllerregiment-imb.de\/live\/","name":"B\u00f6llerregiment Hamburg","description":"Jetzt knallts richtig!","publisher":{"@id":"https:\/\/xn--bllerregiment-imb.de\/live\/#organization"},"alternateName":"B\u00f6llerregiment.de","potentialAction":[{"@type":"SearchAction","target":{"@type":"EntryPoint","urlTemplate":"https:\/\/xn--bllerregiment-imb.de\/live\/?s={search_term_string}"},"query-input":{"@type":"PropertyValueSpecification","valueRequired":true,"valueName":"search_term_string"}}],"inLanguage":"de"},{"@type":"Organization","@id":"https:\/\/xn--bllerregiment-imb.de\/live\/#organization","name":"B\u00f6llerregiment Hamburg","alternateName":"Hamburger B\u00f6llerregiment","url":"https:\/\/xn--bllerregiment-imb.de\/live\/","logo":{"@type":"ImageObject","inLanguage":"de","@id":"https:\/\/xn--bllerregiment-imb.de\/live\/#\/schema\/logo\/image\/","url":"https:\/\/xn--bllerregiment-imb.de\/live\/wp-content\/uploads\/2023\/12\/cropped-Logo_Bllerregiment.jpg","contentUrl":"https:\/\/xn--bllerregiment-imb.de\/live\/wp-content\/uploads\/2023\/12\/cropped-Logo_Bllerregiment.jpg","width":1626,"height":2133,"caption":"B\u00f6llerregiment Hamburg"},"image":{"@id":"https:\/\/xn--bllerregiment-imb.de\/live\/#\/schema\/logo\/image\/"},"sameAs":["https:\/\/www.facebook.com\/photo?fbid=567558023283891&set=basw.Abp960-yDWiGNV0WyMocxK5nPf7QNXsEL0YreAWbHK-Zi5JuCuhneBWjEI-yl46YyWn0-jhppgFEAn3f_YsVQRNLC3m9wAZ8x9KrDaFkfontV3nhkMapNGxqpT9DtHQdguG2WoDko7URL9xaXKEz9aZn4RKDJrttjo2RXInekZBWLA&opaqueCursor=AbpGCtQS0Myztt4CrA4jsAJ-ZClgweX4frfXFFYPlTBjHlJcTpIYR7Zu19pLSCRjan5jDJw5Pt-lUB8UkfLLR9yra4vaxgMVWL9gtZCKY2iai0E24vb5E28LGlL8fNpl1YKlmVT_PAu1WsgyOSR2WahAD2Tlr3ZP-MsBTcPfg2tWUVqHpSfkVjAhpSbZgfTxhv7foMqW2oNwR9Qfjh6SEq0l35jXq6V4krd_nFAh1ZyRpjAVtveVYx5iTJWxZwKuBz001IyTYAjd4OhldGL_4fGWtETYDHcAYraXHqXqiK0XEseyOeyF4Gcs32sD6G3wPmwbBt39xA_0YODARh7v36u_5VJQwsCOS7dX9AJDu7HUAOMYAkyitciJk_s-ewvcRKqi_xfZ1x0X8wjsCWo4jz9HAdfLtRQGYufskYHb5tQbK04D-8lB7U6DoKJCJJEgc-xtDT6OAW4O-8fTgAmFHGRX1Ivxn3HIJtkXcOeYmHf0bwsNJJMckfpjRvoc_IVLfSANSNPuq4naTiEtFIXdLRBIxiE46TrsQCHp6gVQLcNWAIaj8FG1w0dIf427d0yrrwBwhUdhm4l3AIGMhLhGqJrYlBy12HMvQoGIJIqFes8ZgROp_n4idUJJdXfAnEZK7BD3vA1cQ7oxTIaX5LUb4SLuoHecAGgP4U3NGTVC_GrdzWc9RttavKoxotpNS59irxRC7PA3_K-eyYBmgcSFNaWTnhkdSWrpZlfJYFb1REIWKibKeaHGFuE7EM8vte35HN2FjYF-zZoFM4l8-iohnRqEgDcU9Z-qysk0WJT1fCYytw","https:\/\/youtu.be\/HSir9dD-1No?feature=shared"]}]}},"_links":{"self":[{"href":"https:\/\/xn--bllerregiment-imb.de\/live\/wp-json\/wp\/v2\/pages\/562","targetHints":{"allow":["GET"]}}],"collection":[{"href":"https:\/\/xn--bllerregiment-imb.de\/live\/wp-json\/wp\/v2\/pages"}],"about":[{"href":"https:\/\/xn--bllerregiment-imb.de\/live\/wp-json\/wp\/v2\/types\/page"}],"author":[{"embeddable":true,"href":"https:\/\/xn--bllerregiment-imb.de\/live\/wp-json\/wp\/v2\/users\/1"}],"replies":[{"embeddable":true,"href":"https:\/\/xn--bllerregiment-imb.de\/live\/wp-json\/wp\/v2\/comments?post=562"}],"version-history":[{"count":30,"href":"https:\/\/xn--bllerregiment-imb.de\/live\/wp-json\/wp\/v2\/pages\/562\/revisions"}],"predecessor-version":[{"id":629,"href":"https:\/\/xn--bllerregiment-imb.de\/live\/wp-json\/wp\/v2\/pages\/562\/revisions\/629"}],"wp:attachment":[{"href":"https:\/\/xn--bllerregiment-imb.de\/live\/wp-json\/wp\/v2\/media?parent=562"}],"curies":[{"name":"wp","href":"https:\/\/api.w.org\/{rel}","templated":true}]}}